{"id":13857,"date":"2024-01-16T08:56:21","date_gmt":"2024-01-16T08:56:21","guid":{"rendered":"https:\/\/pulsbio.com\/ein-ganz-besonderer-tag\/"},"modified":"2024-06-24T17:44:04","modified_gmt":"2024-06-24T17:44:04","slug":"ein-ganz-besonderer-tag","status":"publish","type":"page","link":"https:\/\/pulsbio.com\/de\/ernaehrung-gesundheit-und-klimawandel\/blog\/ein-ganz-besonderer-tag\/","title":{"rendered":"Ein ganz besonderer Tag!"},"content":{"rendered":"\t\t<div data-elementor-type=\"wp-page\" data-elementor-id=\"13857\" class=\"elementor elementor-13857 elementor-13367\" data-elementor-post-type=\"page\">\n\t\t\t\t<div class=\"elementor-element elementor-element-bce49c4 e-flex e-con-boxed e-con e-parent\" data-id=\"bce49c4\" data-element_type=\"container\" data-settings=\"{&quot;background_background&quot;:&quot;gradient&quot;}\">\n\t\t\t\t\t<div class=\"e-con-inner\">\n\t\t\t\t\t<\/div>\n\t\t\t\t<\/div>\n\t\t<div class=\"elementor-element elementor-element-1ce232f e-flex e-con-boxed e-con e-parent\" data-id=\"1ce232f\" data-element_type=\"container\">\n\t\t\t\t\t<div class=\"e-con-inner\">\n\t\t\t\t<div class=\"elementor-element elementor-element-b4e1703 elementor-widget elementor-widget-image\" data-id=\"b4e1703\" data-element_type=\"widget\" data-widget_type=\"image.default\">\n\t\t\t\t<div class=\"elementor-widget-container\">\n\t\t\t\t\t\t\t\t\t\t\t\t\t\t\t<img fetchpriority=\"high\" decoding=\"async\" width=\"1000\" height=\"562\" src=\"https:\/\/pulsbio.com\/wp-content\/uploads\/2024\/01\/Blog-afbeelding.webp\" class=\"attachment-large size-large wp-image-13339\" alt=\"\" srcset=\"https:\/\/pulsbio.com\/wp-content\/uploads\/2024\/01\/Blog-afbeelding.webp 1000w, https:\/\/pulsbio.com\/wp-content\/uploads\/2024\/01\/Blog-afbeelding-300x169.webp 300w, https:\/\/pulsbio.com\/wp-content\/uploads\/2024\/01\/Blog-afbeelding-768x432.webp 768w\" sizes=\"(max-width: 1000px) 100vw, 1000px\" \/>\t\t\t\t\t\t\t\t\t\t\t\t\t\t\t<\/div>\n\t\t\t\t<\/div>\n\t\t\t\t<div class=\"elementor-element elementor-element-bb86b68 elementor-widget elementor-widget-text-editor\" data-id=\"bb86b68\" data-element_type=\"widget\" data-widget_type=\"text-editor.default\">\n\t\t\t\t<div class=\"elementor-widget-container\">\n\t\t\t\t\t\t\t\t\t<p class=\"p1\"><strong>F\u00fcr unsere neue Studie \u00fcber H\u00fclsenfr\u00fcchte im Zusammenhang mit vitaler Gesundheit und Langlebigkeit hatte ich das Gl\u00fcck, den 106-j\u00e4hrigen Mariano Norata zu treffen und ein zweist\u00fcndiges Gespr\u00e4ch mit ihm \u00fcber Lebensstil, Gesundheit, Ern\u00e4hrung und nat\u00fcrlich H\u00fclsenfr\u00fcchte zu f\u00fchren!<\/strong><\/p>\n<p class=\"p1\">Mariano Norata wurde am 24. November 1916 als Sohn einer Hirtenfamilie geboren. Als er 11 Jahre alt war, k\u00fcmmerte er sich um die Schafe und Ziegen, die sie hatten. Mariano hat es mir erz\u00e4hlt: Fr\u00fcher waren wir arm, manchmal haben wir nur Brot gegessen. Wir sind jeden Tag mindestens 12 km mit unseren Tieren gelaufen. Es gab Zeiten im Jahr, in denen die Tiere keine Milch gaben. Wir hatten nur Brot und Marmelade. Als ich meine Frau heiratete, \u00fcbernahm ich den Hof ihres Vaters. Ich wurde Landwirt. Ich baute Kartoffeln, Getreide, H\u00fclsenfr\u00fcchte, Gem\u00fcse, Obst, Tomaten und Mandeln an und wir hatten einige Tiere. Im Grunde das traditionelle Leben auf dem Bauernhof.<\/p>\n<p class=\"p1\"><b>Wie wichtig waren H\u00fclsenfr\u00fcchte in Ihrem Leben?<\/b><\/p>\n<p class=\"p1\">H\u00fclsenfr\u00fcchte waren f\u00fcr uns sehr wichtig, sie standen mindestens 3-4 Mal pro Woche auf dem Speiseplan. Die H\u00fclsenfr\u00fcchte, die wir a\u00dfen, gaben uns die Kraft, durch die Berge zu wandern und die Felder zu bestellen.<\/p>\n<p class=\"p1\">H\u00fclsenfr\u00fcchte waren eine der wichtigsten Nahrungsquellen. Wir haben die H\u00fclsenfr\u00fcchte in Minestrone gegessen, sie mit Nudeln\/Kartoffeln in Salaten und als P\u00fcree genossen. Im Sommer a\u00dfen wir Saubohnen, gr\u00fcne Erbsen, Borlotti-Bohnen, gr\u00fcne Bohnen und Stangenbohnen. Im Winter a\u00dfen wir getrocknete Kichererbsen, Linsen, Cannelini-Bohnen und getrocknete Favabohnen.<\/p>\n<p class=\"p1\">Die H\u00fclsenfr\u00fcchte waren biologisch. Ich habe die H\u00fclsenfr\u00fcchte jedes Jahr auf einem anderen St\u00fcck Land selbst angebaut. Sie sind auch hilfreich f\u00fcr die Bodengesundheit und die biologische Vielfalt des Bodens.<\/p>\n<p class=\"p1\">Ich bin \u00fcberzeugt, dass sie mir helfen, gesund zu bleiben. Meinem Arzt zufolge sind sie eine ausgezeichnete Quelle f\u00fcr Eisen und senken den Cholesterinspiegel. Bis vor einem Jahr hatte ich nie irgendwelche Medikamente im Magen. Ich bin immer gesund gewesen.<\/p>\n<p class=\"p1\"><b>Was ist Ihr Lieblingsgericht mit H\u00fclsenfr\u00fcchten?<\/b>  Zuppa di Ceci (Kichererbsensuppe), zubereitet von meiner Frau. Es ist k\u00f6stlich!<\/p>\n<p class=\"p1\"><b>Hier sind einige Perlen der Weisheit, die ich von Mariano Norata gelernt habe.<\/b><\/p>\n<p class=\"p1\">1) <b>Ist Brot gut f\u00fcr Sie?<\/b> Ich esse jeden Tag Brot. Es ist mein wichtigstes Lebensmittel, das ich jeden Tag meines Lebens gegessen habe. Immer mit nat\u00fcrlicher Hefe aufgegangen (keine handels\u00fcbliche B\u00e4ckerhefe).<\/p>\n<p class=\"p1\">2) <b>Welche Lebensmittel halten Sie in Form und Ihr Gehirn so scharf? <\/b>Gem\u00fcse! Ich esse sie jeden Tag, alle Sorten, und ich trinke sogar das Wasser des Gem\u00fcses nach dem Kochen. Ich habe es immer getan. Dieses Wasser ist eine Quelle von N\u00e4hrstoffen. Es wird dringend empfohlen, dies zu tun.<\/p>\n<p class=\"p1\">3) <b>Nudeln?<\/b> Nicht jeden Tag, vielleicht zweimal die Woche. Wir haben mehr Kartoffeln und Brot gegessen.<\/p>\n<p class=\"p1\">4) <b>Wein? <\/b>Ich trinke jeden Tag ein Glas Rotwein zum Mittagessen.<\/p>\n<p class=\"p1\">5) <b>Fisch? <\/b>Fr\u00fcher haben wir ihn in unserer Familie nie gegessen, weil wir hoch in den Bergen lebten und nicht 1\/2 Tag zum Meer und zur\u00fcck laufen konnten. Sie k\u00f6nnen sich vorstellen, dass, wenn wir Fisch kauften, der Fisch schon weg war, bevor wir in unserem Dorf ankamen. Heutzutage esse ich etwas Fisch, ich mag ihn.<\/p>\n<p class=\"p1\">6) <b>Fleisch? <\/b>Mariano begann zu lachen und sagte: &#8222;carne usate con carnavale e natale&#8220;, was bedeutet: Wir essen Fleisch nur zu Karneval und Weihnachten. Unser Fleisch bestand aus H\u00fclsenfr\u00fcchten: Kichererbsen, Linsen, Favabohnen, Borlotti-Bohnen, gr\u00fcne Bohnen. Wir haben sie alle gegessen. In Italien sagt man &#8222;legumi i carne dei poveri&#8220;.<\/p>\n<p class=\"p1\">7) <b>Was ist Ihrer Meinung nach das Geheimnis Ihrer Langlebigkeit? <\/b>Ein freundlicher Mensch zu sein und gut zu allen zu sein. Versuchen Sie nicht, ein Mann des Erfolgs zu sein, sondern versuchen Sie, ein Mann von Wert zu sein! Und \u00fcberfressen Sie sich nicht. Lassen Sie immer ein wenig Platz in Ihrem Magen. Disziplin!<\/p>\n<p class=\"p1\">8) <b>Das gr\u00f6\u00dfte Bedauern im Leben? <\/b>Nichts. Ich w\u00fcrde alles noch einmal genau so machen.<\/p>\n<p class=\"p1\">Dies ist ein weiteres inspirierendes Beispiel daf\u00fcr, wie richtige Ern\u00e4hrung, k\u00f6rperliche Bewegung, saubere Bergluft und ein gl\u00fccklicher Geist zu einem langen, gesunden Leben f\u00fchren k\u00f6nnen. Wie Mariano zeigt, brauchen wir kein Fleisch oder viele tierische Proteine, um zu \u00fcberleben. Sie zu vermeiden, bringt uns Langlebigkeit und Gesundheit.<\/p>\n<p class=\"p1\">Wenigstens hatte Mariano ein paar sehr freundliche Worte f\u00fcr mich: Ich bin sehr stolz auf dich, Leon, du tust etwas Gro\u00dfartiges f\u00fcr die Zukunft, das wirklich wichtig f\u00fcr die Erde und die menschliche Gesundheit ist. Machen Sie weiter, auch wenn Sie einige R\u00fcckschl\u00e4ge erleiden. Folgen Sie Ihrem Herzen, Sie sind energiegeladen und haben einen gro\u00dfartigen Geist. Gott wird Sie segnen.<\/p>\n<p class=\"p1\">Wir haben vereinbart, dass ich Mariano im n\u00e4chsten Jahr um diese Zeit wieder besuchen werde. Dann bringe ich ein paar Kichererbsen aus unserem Anbau mit und wir essen gemeinsam zu Mittag.<\/p>\n<p class=\"p1\">Was f\u00fcr ein Mensch&#8230;<\/p>\n<p class=\"p1\">Ciao,<\/p>\n<p class=\"p1\">PULSBIO DIE ZUKUNFT UNSERER LEBENSMITTEL.<\/p>\n\t\t\t\t\t\t\t\t<\/div>\n\t\t\t\t<\/div>\n\t\t\t\t\t<\/div>\n\t\t\t\t<\/div>\n\t\t<div class=\"elementor-element elementor-element-6292d08 e-flex e-con-boxed e-con e-parent\" data-id=\"6292d08\" data-element_type=\"container\" data-settings=\"{&quot;background_background&quot;:&quot;gradient&quot;}\">\n\t\t\t\t\t<div class=\"e-con-inner\">\n\t\t<div class=\"elementor-element elementor-element-aa62b01 e-flex e-con-boxed e-con e-child\" data-id=\"aa62b01\" data-element_type=\"container\">\n\t\t\t\t\t<div class=\"e-con-inner\">\n\t\t<div class=\"elementor-element elementor-element-eeba604 e-con-full e-flex e-con e-child\" data-id=\"eeba604\" data-element_type=\"container\">\n\t\t\t\t<div class=\"elementor-element elementor-element-319d4ee elementor-widget elementor-widget-heading\" data-id=\"319d4ee\" data-element_type=\"widget\" data-widget_type=\"heading.default\">\n\t\t\t\t<div class=\"elementor-widget-container\">\n\t\t\t\t\t<h2 class=\"elementor-heading-title elementor-size-default\">\u00dcber pulsbio<\/h2>\t\t\t\t<\/div>\n\t\t\t\t<\/div>\n\t\t\t\t<div class=\"elementor-element elementor-element-a4d83ef elementor-widget__width-initial elementor-widget elementor-widget-text-editor\" data-id=\"a4d83ef\" data-element_type=\"widget\" data-widget_type=\"text-editor.default\">\n\t\t\t\t<div class=\"elementor-widget-container\">\n\t\t\t\t\t\t\t\t\t<p>Pulsbio kultiviert eine nachhaltige Zukunft durch transparente Landwirtschaft und liefert hochwertige H\u00fclsenfruchtprodukte mit einem Engagement f\u00fcr Qualit\u00e4t, Gesundheit und die St\u00e4rkung der Gemeinschaft.<\/p>\n\t\t\t\t\t\t\t\t<\/div>\n\t\t\t\t<\/div>\n\t\t\t\t<div class=\"elementor-element elementor-element-7b975bd elementor-widget elementor-widget-image\" data-id=\"7b975bd\" data-element_type=\"widget\" data-widget_type=\"image.default\">\n\t\t\t\t<div class=\"elementor-widget-container\">\n\t\t\t\t\t\t\t\t\t\t\t\t\t\t\t<img decoding=\"async\" width=\"607\" height=\"229\" src=\"https:\/\/pulsbio.com\/wp-content\/uploads\/2023\/12\/Pulsbio-Logo-Wit.webp\" class=\"attachment-large size-large wp-image-11847\" alt=\"\" srcset=\"https:\/\/pulsbio.com\/wp-content\/uploads\/2023\/12\/Pulsbio-Logo-Wit.webp 607w, https:\/\/pulsbio.com\/wp-content\/uploads\/2023\/12\/Pulsbio-Logo-Wit-300x113.webp 300w, https:\/\/pulsbio.com\/wp-content\/uploads\/2023\/12\/Pulsbio-Logo-Wit-600x226.webp 600w\" sizes=\"(max-width: 607px) 100vw, 607px\" \/>\t\t\t\t\t\t\t\t\t\t\t\t\t\t\t<\/div>\n\t\t\t\t<\/div>\n\t\t\t\t<\/div>\n\t\t<div class=\"elementor-element elementor-element-0ef21ba e-flex e-con-boxed e-con e-child\" data-id=\"0ef21ba\" data-element_type=\"container\">\n\t\t\t\t\t<div class=\"e-con-inner\">\n\t\t\t\t<div class=\"elementor-element elementor-element-6ec03a3 elementor-widget elementor-widget-heading\" data-id=\"6ec03a3\" data-element_type=\"widget\" data-widget_type=\"heading.default\">\n\t\t\t\t<div class=\"elementor-widget-container\">\n\t\t\t\t\t<h2 class=\"elementor-heading-title elementor-size-default\">Kontakt aufnehmen<\/h2>\t\t\t\t<\/div>\n\t\t\t\t<\/div>\n\t\t\t\t<div class=\"elementor-element elementor-element-3d64e2b elementor-widget elementor-widget-text-editor\" data-id=\"3d64e2b\" data-element_type=\"widget\" data-widget_type=\"text-editor.default\">\n\t\t\t\t<div class=\"elementor-widget-container\">\n\t\t\t\t\t\t\t\t\t<p>Pulsbio B.V.<\/p>\n<p><a href=\"mailto:info@pulsbio.com\">info@pulsbio.com<\/a><\/p>\n\t\t\t\t\t\t\t\t<\/div>\n\t\t\t\t<\/div>\n\t\t\t\t\t<\/div>\n\t\t\t\t<\/div>\n\t\t<div class=\"elementor-element elementor-element-22eb8ae e-flex e-con-boxed e-con e-child\" data-id=\"22eb8ae\" data-element_type=\"container\">\n\t\t\t\t\t<div class=\"e-con-inner\">\n\t\t\t\t<div class=\"elementor-element elementor-element-d2427b9 elementor-widget elementor-widget-heading\" data-id=\"d2427b9\" data-element_type=\"widget\" data-widget_type=\"heading.default\">\n\t\t\t\t<div class=\"elementor-widget-container\">\n\t\t\t\t\t<h2 class=\"elementor-heading-title elementor-size-default\">Folgen Sie uns<\/h2>\t\t\t\t<\/div>\n\t\t\t\t<\/div>\n\t\t\t\t<div class=\"elementor-element elementor-element-30dfe78 elementor-icon-list--layout-traditional elementor-list-item-link-full_width elementor-widget elementor-widget-icon-list\" data-id=\"30dfe78\" data-element_type=\"widget\" data-widget_type=\"icon-list.default\">\n\t\t\t\t<div class=\"elementor-widget-container\">\n\t\t\t\t\t\t\t<ul class=\"elementor-icon-list-items\">\n\t\t\t\t\t\t\t<li class=\"elementor-icon-list-item\">\n\t\t\t\t\t\t\t\t\t\t\t<a href=\"https:\/\/www.linkedin.com\/company\/pulsbio\/\" target=\"_blank\">\n\n\t\t\t\t\t\t\t\t\t\t\t\t<span class=\"elementor-icon-list-icon\">\n\t\t\t\t\t\t\t<svg aria-hidden=\"true\" class=\"e-font-icon-svg e-fab-linkedin\" viewBox=\"0 0 448 512\" xmlns=\"http:\/\/www.w3.org\/2000\/svg\"><path d=\"M416 32H31.9C14.3 32 0 46.5 0 64.3v383.4C0 465.5 14.3 480 31.9 480H416c17.6 0 32-14.5 32-32.3V64.3c0-17.8-14.4-32.3-32-32.3zM135.4 416H69V202.2h66.5V416zm-33.2-243c-21.3 0-38.5-17.3-38.5-38.5S80.9 96 102.2 96c21.2 0 38.5 17.3 38.5 38.5 0 21.3-17.2 38.5-38.5 38.5zm282.1 243h-66.4V312c0-24.8-.5-56.7-34.5-56.7-34.6 0-39.9 27-39.9 54.9V416h-66.4V202.2h63.7v29.2h.9c8.9-16.8 30.6-34.5 62.9-34.5 67.2 0 79.7 44.3 79.7 101.9V416z\"><\/path><\/svg>\t\t\t\t\t\t<\/span>\n\t\t\t\t\t\t\t\t\t\t<span class=\"elementor-icon-list-text\">LinkedIn<\/span>\n\t\t\t\t\t\t\t\t\t\t\t<\/a>\n\t\t\t\t\t\t\t\t\t<\/li>\n\t\t\t\t\t\t\t\t<li class=\"elementor-icon-list-item\">\n\t\t\t\t\t\t\t\t\t\t\t<a href=\"https:\/\/www.instagram.com\/pulsbio\/\" target=\"_blank\">\n\n\t\t\t\t\t\t\t\t\t\t\t\t<span class=\"elementor-icon-list-icon\">\n\t\t\t\t\t\t\t<svg aria-hidden=\"true\" class=\"e-font-icon-svg e-fab-instagram\" viewBox=\"0 0 448 512\" xmlns=\"http:\/\/www.w3.org\/2000\/svg\"><path d=\"M224.1 141c-63.6 0-114.9 51.3-114.9 114.9s51.3 114.9 114.9 114.9S339 319.5 339 255.9 287.7 141 224.1 141zm0 189.6c-41.1 0-74.7-33.5-74.7-74.7s33.5-74.7 74.7-74.7 74.7 33.5 74.7 74.7-33.6 74.7-74.7 74.7zm146.4-194.3c0 14.9-12 26.8-26.8 26.8-14.9 0-26.8-12-26.8-26.8s12-26.8 26.8-26.8 26.8 12 26.8 26.8zm76.1 27.2c-1.7-35.9-9.9-67.7-36.2-93.9-26.2-26.2-58-34.4-93.9-36.2-37-2.1-147.9-2.1-184.9 0-35.8 1.7-67.6 9.9-93.9 36.1s-34.4 58-36.2 93.9c-2.1 37-2.1 147.9 0 184.9 1.7 35.9 9.9 67.7 36.2 93.9s58 34.4 93.9 36.2c37 2.1 147.9 2.1 184.9 0 35.9-1.7 67.7-9.9 93.9-36.2 26.2-26.2 34.4-58 36.2-93.9 2.1-37 2.1-147.8 0-184.8zM398.8 388c-7.8 19.6-22.9 34.7-42.6 42.6-29.5 11.7-99.5 9-132.1 9s-102.7 2.6-132.1-9c-19.6-7.8-34.7-22.9-42.6-42.6-11.7-29.5-9-99.5-9-132.1s-2.6-102.7 9-132.1c7.8-19.6 22.9-34.7 42.6-42.6 29.5-11.7 99.5-9 132.1-9s102.7-2.6 132.1 9c19.6 7.8 34.7 22.9 42.6 42.6 11.7 29.5 9 99.5 9 132.1s2.7 102.7-9 132.1z\"><\/path><\/svg>\t\t\t\t\t\t<\/span>\n\t\t\t\t\t\t\t\t\t\t<span class=\"elementor-icon-list-text\">Instagram<\/span>\n\t\t\t\t\t\t\t\t\t\t\t<\/a>\n\t\t\t\t\t\t\t\t\t<\/li>\n\t\t\t\t\t\t<\/ul>\n\t\t\t\t\t\t<\/div>\n\t\t\t\t<\/div>\n\t\t\t\t\t<\/div>\n\t\t\t\t<\/div>\n\t\t\t\t\t<\/div>\n\t\t\t\t<\/div>\n\t\t<div class=\"elementor-element elementor-element-4a30f55 e-flex e-con-boxed e-con e-child\" data-id=\"4a30f55\" data-element_type=\"container\">\n\t\t\t\t\t<div class=\"e-con-inner\">\n\t\t<div class=\"elementor-element elementor-element-28a5aaa e-flex e-con-boxed e-con e-child\" data-id=\"28a5aaa\" data-element_type=\"container\">\n\t\t\t\t\t<div class=\"e-con-inner\">\n\t\t\t\t<div class=\"elementor-element elementor-element-b43f2ba elementor-widget-divider--view-line elementor-widget elementor-widget-divider\" data-id=\"b43f2ba\" data-element_type=\"widget\" data-widget_type=\"divider.default\">\n\t\t\t\t<div class=\"elementor-widget-container\">\n\t\t\t\t\t\t\t<div class=\"elementor-divider\">\n\t\t\t<span class=\"elementor-divider-separator\">\n\t\t\t\t\t\t<\/span>\n\t\t<\/div>\n\t\t\t\t\t\t<\/div>\n\t\t\t\t<\/div>\n\t\t\t\t\t<\/div>\n\t\t\t\t<\/div>\n\t\t\t\t\t<\/div>\n\t\t\t\t<\/div>\n\t\t<div class=\"elementor-element elementor-element-a3ba707 e-flex e-con-boxed e-con e-child\" data-id=\"a3ba707\" data-element_type=\"container\">\n\t\t\t\t\t<div class=\"e-con-inner\">\n\t\t<div class=\"elementor-element elementor-element-2150ea6 e-flex e-con-boxed e-con e-child\" data-id=\"2150ea6\" data-element_type=\"container\">\n\t\t\t\t\t<div class=\"e-con-inner\">\n\t\t\t\t<div class=\"elementor-element elementor-element-0c59795 elementor-mobile-align-center elementor-icon-list--layout-traditional elementor-list-item-link-full_width elementor-widget elementor-widget-icon-list\" data-id=\"0c59795\" data-element_type=\"widget\" data-widget_type=\"icon-list.default\">\n\t\t\t\t<div class=\"elementor-widget-container\">\n\t\t\t\t\t\t\t<ul class=\"elementor-icon-list-items\">\n\t\t\t\t\t\t\t<li class=\"elementor-icon-list-item\">\n\t\t\t\t\t\t\t\t\t\t\t<a href=\"https:\/\/pulsbio.com\/de\/bedingungen-und-konditionen\/\">\n\n\t\t\t\t\t\t\t\t\t\t\t<span class=\"elementor-icon-list-text\">Bedingungen und Konditionen<\/span>\n\t\t\t\t\t\t\t\t\t\t\t<\/a>\n\t\t\t\t\t\t\t\t\t<\/li>\n\t\t\t\t\t\t<\/ul>\n\t\t\t\t\t\t<\/div>\n\t\t\t\t<\/div>\n\t\t\t\t\t<\/div>\n\t\t\t\t<\/div>\n\t\t<div class=\"elementor-element elementor-element-f5f8127 e-flex e-con-boxed e-con e-child\" data-id=\"f5f8127\" data-element_type=\"container\">\n\t\t\t\t\t<div class=\"e-con-inner\">\n\t\t\t\t<div class=\"elementor-element elementor-element-57b28e9 elementor-widget elementor-widget-text-editor\" data-id=\"57b28e9\" data-element_type=\"widget\" data-widget_type=\"text-editor.default\">\n\t\t\t\t<div class=\"elementor-widget-container\">\n\t\t\t\t\t\t\t\t\t<p>\u00a9 2023 <a href=\"https:\/\/pulsbio.com\/\" target=\"_blank\" rel=\"nofollow noopener\">Pulsbio<\/a><\/p>\n\t\t\t\t\t\t\t\t<\/div>\n\t\t\t\t<\/div>\n\t\t\t\t\t<\/div>\n\t\t\t\t<\/div>\n\t\t\t\t\t<\/div>\n\t\t\t\t<\/div>\n\t\t\t\t\t<\/div>\n\t\t\t\t<\/div>\n\t\t\t\t<\/div>\n\t\t","protected":false},"excerpt":{"rendered":"<p>F\u00fcr unsere neue Studie \u00fcber H\u00fclsenfr\u00fcchte im Zusammenhang mit vitaler Gesundheit und Langlebigkeit hatte ich das Gl\u00fcck, den 106-j\u00e4hrigen Mariano Norata zu treffen und ein zweist\u00fcndiges Gespr\u00e4ch mit ihm \u00fcber Lebensstil, Gesundheit, Ern\u00e4hrung und nat\u00fcrlich H\u00fclsenfr\u00fcchte zu f\u00fchren! Mariano Norata wurde am 24. November 1916 als Sohn einer Hirtenfamilie geboren. Als er 11 Jahre alt [&hellip;]<\/p>\n","protected":false},"author":1,"featured_media":0,"parent":13871,"menu_order":0,"comment_status":"closed","ping_status":"closed","template":"page-full-width.php","meta":{"footnotes":""},"class_list":["post-13857","page","type-page","status-publish","hentry"],"_links":{"self":[{"href":"https:\/\/pulsbio.com\/de\/wp-json\/wp\/v2\/pages\/13857","targetHints":{"allow":["GET"]}}],"collection":[{"href":"https:\/\/pulsbio.com\/de\/wp-json\/wp\/v2\/pages"}],"about":[{"href":"https:\/\/pulsbio.com\/de\/wp-json\/wp\/v2\/types\/page"}],"author":[{"embeddable":true,"href":"https:\/\/pulsbio.com\/de\/wp-json\/wp\/v2\/users\/1"}],"replies":[{"embeddable":true,"href":"https:\/\/pulsbio.com\/de\/wp-json\/wp\/v2\/comments?post=13857"}],"version-history":[{"count":0,"href":"https:\/\/pulsbio.com\/de\/wp-json\/wp\/v2\/pages\/13857\/revisions"}],"up":[{"embeddable":true,"href":"https:\/\/pulsbio.com\/de\/wp-json\/wp\/v2\/pages\/13871"}],"wp:attachment":[{"href":"https:\/\/pulsbio.com\/de\/wp-json\/wp\/v2\/media?parent=13857"}],"curies":[{"name":"wp","href":"https:\/\/api.w.org\/{rel}","templated":true}]}}