{"id":13777,"date":"2024-01-16T08:56:21","date_gmt":"2024-01-16T08:56:21","guid":{"rendered":"https:\/\/pulsbio.com\/un-dia-muy-especial\/"},"modified":"2024-06-24T17:56:23","modified_gmt":"2024-06-24T17:56:23","slug":"un-dia-muy-especial","status":"publish","type":"page","link":"https:\/\/pulsbio.com\/es\/alimentacion-salud-y-cambio-climatico\/blog\/un-dia-muy-especial\/","title":{"rendered":"Un d\u00eda muy especial."},"content":{"rendered":"\t\t<div data-elementor-type=\"wp-page\" data-elementor-id=\"13777\" class=\"elementor elementor-13777 elementor-13367\" data-elementor-post-type=\"page\">\n\t\t\t\t<div class=\"elementor-element elementor-element-bce49c4 e-flex e-con-boxed e-con e-parent\" data-id=\"bce49c4\" data-element_type=\"container\" data-settings=\"{&quot;background_background&quot;:&quot;gradient&quot;}\">\n\t\t\t\t\t<div class=\"e-con-inner\">\n\t\t\t\t\t<\/div>\n\t\t\t\t<\/div>\n\t\t<div class=\"elementor-element elementor-element-1ce232f e-flex e-con-boxed e-con e-parent\" data-id=\"1ce232f\" data-element_type=\"container\">\n\t\t\t\t\t<div class=\"e-con-inner\">\n\t\t\t\t<div class=\"elementor-element elementor-element-b4e1703 elementor-widget elementor-widget-image\" data-id=\"b4e1703\" data-element_type=\"widget\" data-widget_type=\"image.default\">\n\t\t\t\t<div class=\"elementor-widget-container\">\n\t\t\t\t\t\t\t\t\t\t\t\t\t\t\t<img fetchpriority=\"high\" decoding=\"async\" width=\"1000\" height=\"562\" src=\"https:\/\/pulsbio.com\/wp-content\/uploads\/2024\/01\/Blog-afbeelding.webp\" class=\"attachment-large size-large wp-image-13339\" alt=\"\" srcset=\"https:\/\/pulsbio.com\/wp-content\/uploads\/2024\/01\/Blog-afbeelding.webp 1000w, https:\/\/pulsbio.com\/wp-content\/uploads\/2024\/01\/Blog-afbeelding-300x169.webp 300w, https:\/\/pulsbio.com\/wp-content\/uploads\/2024\/01\/Blog-afbeelding-768x432.webp 768w\" sizes=\"(max-width: 1000px) 100vw, 1000px\" \/>\t\t\t\t\t\t\t\t\t\t\t\t\t\t\t<\/div>\n\t\t\t\t<\/div>\n\t\t\t\t<div class=\"elementor-element elementor-element-bb86b68 elementor-widget elementor-widget-text-editor\" data-id=\"bb86b68\" data-element_type=\"widget\" data-widget_type=\"text-editor.default\">\n\t\t\t\t<div class=\"elementor-widget-container\">\n\t\t\t\t\t\t\t\t\t<p class=\"p1\"><strong>Con motivo de nuestra nueva investigaci\u00f3n sobre las legumbres en relaci\u00f3n con la salud vital y la longevidad, tuve la suerte de conocer a Mariano Norata, de 106 a\u00f1os, con quien mantuve una conversaci\u00f3n de dos horas sobre estilo de vida, salud, alimentaci\u00f3n y, por supuesto, legumbres.<\/strong><\/p>\n<p class=\"p1\">Mariano Norata naci\u00f3 el 24 de noviembre de 1916 en el seno de una familia de pastores. Cuando ten\u00eda 11 a\u00f1os, cuidaba de las ovejas y las cabras que ten\u00edan. Mariano me lo cont\u00f3: Antes \u00e9ramos pobres, a veces s\u00f3lo com\u00edamos pan. Todos los d\u00edas camin\u00e1bamos al menos 12 km con nuestros animales. Hab\u00eda periodos del a\u00f1o en que los animales no daban leche. S\u00f3lo ten\u00edamos pan y mermelada. Cuando me cas\u00e9 con mi mujer me hice cargo de la granja de su padre. Me hice agricultor. Cultivaba patatas, cereales, legumbres, verduras, frutas, tomates, almendras y ten\u00edamos algunos animales. B\u00e1sicamente, la vida tradicional en una granja.<\/p>\n<p class=\"p1\"><b>\u00bfQu\u00e9 importancia han tenido las legumbres en su vida?<\/b><\/p>\n<p class=\"p1\">Las legumbres eran muy importantes para nosotros, estaban en el men\u00fa al menos 3-4 veces por semana. Las legumbres que com\u00edamos nos daban fuerzas para caminar por las monta\u00f1as y trabajar los campos<\/p>\n<p class=\"p1\">Las legumbres eran una de las fuentes de nutrici\u00f3n m\u00e1s importantes. Comimos las legumbres en minestrone, las disfrutamos con pasta\/patatas en ensaladas y como pur\u00e9. En verano com\u00edamos habas, guisantes, jud\u00edas borlotti, jud\u00edas verdes, jud\u00edas verdes. En invierno com\u00edamos garbanzos secos, lentejas, jud\u00edas canelinas y habas secas.<\/p>\n<p class=\"p1\">Las legumbres eran ecol\u00f3gicas. Yo mismo cultivaba las legumbres cada a\u00f1o en un terreno diferente. Tambi\u00e9n son \u00fatiles para la salud y la biodiversidad del suelo.<\/p>\n<p class=\"p1\">Estoy convencido de que me ayudan a mantenerme sano. Seg\u00fan mi m\u00e9dico, son una excelente fuente de hierro y reducen los niveles de colesterol. Hasta hace un a\u00f1o nunca hab\u00eda tomado medicamentos. Siempre he estado sano.<\/p>\n<p class=\"p1\"><b>\u00bfCu\u00e1l es su plato de legumbres favorito?<\/b>  Zuppa di Ceci (sopa de garbanzos) hecha por mi mujer. \u00a1Est\u00e1 delicioso!<\/p>\n<p class=\"p1\"><b>He aqu\u00ed algunas perlas de sabidur\u00eda que aprend\u00ed de Mariano Norata.<\/b><\/p>\n<p class=\"p1\">1) <b>\u00bfEs bueno el pan?<\/b> Yo como pan todos los d\u00edas. Es el alimento m\u00e1s importante que he comido todos los d\u00edas de mi vida. Siempre con levadura natural (no levadura de panader\u00eda comercial).<\/p>\n<p class=\"p1\">2) <b>\u00bfQu\u00e9 alimentos te mantienen en forma y mantienen tu cerebro tan agudo? <\/b>Las verduras. Las como todos los d\u00edas, de todo tipo, e incluso bebo despu\u00e9s de la cocci\u00f3n el agua de las verduras. Siempre lo he hecho. Esta agua es una fuente de nutrientes. Se recomienda encarecidamente hacerlo.<\/p>\n<p class=\"p1\">3) <b>\u00bfPasta?<\/b> No todos los d\u00edas, quiz\u00e1 dos veces por semana. Comimos m\u00e1s patatas y pan.<\/p>\n<p class=\"p1\">4) <b>\u00bfVino? <\/b>Bebo un vaso de vino tinto todos los d\u00edas con la comida.<\/p>\n<p class=\"p1\">5) <b>\u00bfPescado? <\/b>En el pasado nunca lo com\u00edamos en nuestra familia, porque viv\u00edamos en lo alto de las monta\u00f1as y no pod\u00edamos caminar 1\/2 d\u00eda hasta el mar y volver. Puedes imaginarte que si compr\u00e1bamos pescado, \u00e9ste ya estaba apagado antes de que lleg\u00e1ramos a nuestro pueblo. Hoy en d\u00eda como algo de pescado, me gusta.<\/p>\n<p class=\"p1\">6) <b>\u00bfCarne? <\/b>Mariano se ech\u00f3 a re\u00edr y dijo \u00bb carne usate con carnavale e natale\u00bb que significa; comemos carne solo con carnaval y navidad. Nuestras carnes eran legumbres: garbanzos, lentejas, habas, jud\u00edas borlotti, jud\u00edas verdes. Nos los comimos todos. En Italia dicen \u00ablegumi i carne dei poveri\u00bb<\/p>\n<p class=\"p1\">7) <b>\u00bfCu\u00e1l es, seg\u00fan usted, el secreto de su longevidad? <\/b>Ser un hombre amable y portarse bien con todo el mundo. No intentes ser un hombre de \u00e9xito, sino un hombre de valor. Y no comas en exceso. Deja siempre un poco de espacio en el est\u00f3mago. \u00a1Disciplina!<\/p>\n<p class=\"p1\">8) <b>\u00bfDe qu\u00e9 se arrepiente m\u00e1s en la vida? <\/b>De nada. Lo volver\u00eda a hacer exactamente igual.<\/p>\n<p class=\"p1\">He aqu\u00ed otro ejemplo inspirador de c\u00f3mo una nutrici\u00f3n adecuada, la actividad f\u00edsica, el aire puro de la monta\u00f1a y una mente feliz pueden llevarnos a una vida larga y sana. Como demuestra Mariano, no necesitamos carne ni muchas prote\u00ednas animales para sobrevivir. De hecho, evitarlos nos proporciona longevidad y salud.<\/p>\n<p class=\"p1\">Al menos Mariano tuvo unas palabras muy amables para m\u00ed: Estoy muy orgulloso de ti Le\u00f3n, est\u00e1s haciendo algo grande para el futuro que es realmente importante para la tierra y la salud humana. Sigue adelante aunque tengas algunos contratiempos. Sigue a tu propio coraz\u00f3n, eres en\u00e9rgico y tienes un gran esp\u00edritu. Dios te bendecir\u00e1.<\/p>\n<p class=\"p1\">Acordamos que volver\u00eda a visitar a Mariano el a\u00f1o que viene por estas fechas. Luego traer\u00e9 unos garbanzos de nuestro cultivo y comeremos juntos.<\/p>\n<p class=\"p1\">Qu\u00e9 ser humano&#8230;<\/p>\n<p class=\"p1\">Ciao,<\/p>\n<p class=\"p1\">PULSBIO EL FUTURO DE NUESTRA ALIMENTACI\u00d3N.<\/p>\n\t\t\t\t\t\t\t\t<\/div>\n\t\t\t\t<\/div>\n\t\t\t\t\t<\/div>\n\t\t\t\t<\/div>\n\t\t<div class=\"elementor-element elementor-element-6292d08 e-flex e-con-boxed e-con e-parent\" data-id=\"6292d08\" data-element_type=\"container\" data-settings=\"{&quot;background_background&quot;:&quot;gradient&quot;}\">\n\t\t\t\t\t<div class=\"e-con-inner\">\n\t\t<div class=\"elementor-element elementor-element-aa62b01 e-flex e-con-boxed e-con e-child\" data-id=\"aa62b01\" data-element_type=\"container\">\n\t\t\t\t\t<div class=\"e-con-inner\">\n\t\t<div class=\"elementor-element elementor-element-eeba604 e-con-full e-flex e-con e-child\" data-id=\"eeba604\" data-element_type=\"container\">\n\t\t\t\t<div class=\"elementor-element elementor-element-319d4ee elementor-widget elementor-widget-heading\" data-id=\"319d4ee\" data-element_type=\"widget\" data-widget_type=\"heading.default\">\n\t\t\t\t<div class=\"elementor-widget-container\">\n\t\t\t\t\t<h2 class=\"elementor-heading-title elementor-size-default\">Acerca de pulsbio<\/h2>\t\t\t\t<\/div>\n\t\t\t\t<\/div>\n\t\t\t\t<div class=\"elementor-element elementor-element-a4d83ef elementor-widget__width-initial elementor-widget elementor-widget-text-editor\" data-id=\"a4d83ef\" data-element_type=\"widget\" data-widget_type=\"text-editor.default\">\n\t\t\t\t<div class=\"elementor-widget-container\">\n\t\t\t\t\t\t\t\t\t<p>Cultivando un futuro sostenible a trav\u00e9s de una agricultura transparente, Pulsbio suministra productos de legumbres de primera calidad con un compromiso con la calidad, la salud y el empoderamiento de la comunidad.<\/p>\n\t\t\t\t\t\t\t\t<\/div>\n\t\t\t\t<\/div>\n\t\t\t\t<div class=\"elementor-element elementor-element-7b975bd elementor-widget elementor-widget-image\" data-id=\"7b975bd\" data-element_type=\"widget\" data-widget_type=\"image.default\">\n\t\t\t\t<div class=\"elementor-widget-container\">\n\t\t\t\t\t\t\t\t\t\t\t\t\t\t\t<img decoding=\"async\" width=\"607\" height=\"229\" src=\"https:\/\/pulsbio.com\/wp-content\/uploads\/2023\/12\/Pulsbio-Logo-Wit.webp\" class=\"attachment-large size-large wp-image-11847\" alt=\"\" srcset=\"https:\/\/pulsbio.com\/wp-content\/uploads\/2023\/12\/Pulsbio-Logo-Wit.webp 607w, https:\/\/pulsbio.com\/wp-content\/uploads\/2023\/12\/Pulsbio-Logo-Wit-300x113.webp 300w, https:\/\/pulsbio.com\/wp-content\/uploads\/2023\/12\/Pulsbio-Logo-Wit-600x226.webp 600w\" sizes=\"(max-width: 607px) 100vw, 607px\" \/>\t\t\t\t\t\t\t\t\t\t\t\t\t\t\t<\/div>\n\t\t\t\t<\/div>\n\t\t\t\t<\/div>\n\t\t<div class=\"elementor-element elementor-element-0ef21ba e-flex e-con-boxed e-con e-child\" data-id=\"0ef21ba\" data-element_type=\"container\">\n\t\t\t\t\t<div class=\"e-con-inner\">\n\t\t\t\t<div class=\"elementor-element elementor-element-6ec03a3 elementor-widget elementor-widget-heading\" data-id=\"6ec03a3\" data-element_type=\"widget\" data-widget_type=\"heading.default\">\n\t\t\t\t<div class=\"elementor-widget-container\">\n\t\t\t\t\t<h2 class=\"elementor-heading-title elementor-size-default\">P\u00f3ngase en contacto<\/h2>\t\t\t\t<\/div>\n\t\t\t\t<\/div>\n\t\t\t\t<div class=\"elementor-element elementor-element-3d64e2b elementor-widget elementor-widget-text-editor\" data-id=\"3d64e2b\" data-element_type=\"widget\" data-widget_type=\"text-editor.default\">\n\t\t\t\t<div class=\"elementor-widget-container\">\n\t\t\t\t\t\t\t\t\t<p>Pulsbio B.V.<\/p>\n<p><a href=\"mailto:info@pulsbio.com\">info@pulsbio.com<\/a><\/p>\n\t\t\t\t\t\t\t\t<\/div>\n\t\t\t\t<\/div>\n\t\t\t\t\t<\/div>\n\t\t\t\t<\/div>\n\t\t<div class=\"elementor-element elementor-element-22eb8ae e-flex e-con-boxed e-con e-child\" data-id=\"22eb8ae\" data-element_type=\"container\">\n\t\t\t\t\t<div class=\"e-con-inner\">\n\t\t\t\t<div class=\"elementor-element elementor-element-d2427b9 elementor-widget elementor-widget-heading\" data-id=\"d2427b9\" data-element_type=\"widget\" data-widget_type=\"heading.default\">\n\t\t\t\t<div class=\"elementor-widget-container\">\n\t\t\t\t\t<h2 class=\"elementor-heading-title elementor-size-default\">s\u00edguenos<\/h2>\t\t\t\t<\/div>\n\t\t\t\t<\/div>\n\t\t\t\t<div class=\"elementor-element elementor-element-30dfe78 elementor-icon-list--layout-traditional elementor-list-item-link-full_width elementor-widget elementor-widget-icon-list\" data-id=\"30dfe78\" data-element_type=\"widget\" data-widget_type=\"icon-list.default\">\n\t\t\t\t<div class=\"elementor-widget-container\">\n\t\t\t\t\t\t\t<ul class=\"elementor-icon-list-items\">\n\t\t\t\t\t\t\t<li class=\"elementor-icon-list-item\">\n\t\t\t\t\t\t\t\t\t\t\t<a href=\"https:\/\/www.linkedin.com\/company\/pulsbio\/\" target=\"_blank\">\n\n\t\t\t\t\t\t\t\t\t\t\t\t<span class=\"elementor-icon-list-icon\">\n\t\t\t\t\t\t\t<svg aria-hidden=\"true\" class=\"e-font-icon-svg e-fab-linkedin\" viewBox=\"0 0 448 512\" xmlns=\"http:\/\/www.w3.org\/2000\/svg\"><path d=\"M416 32H31.9C14.3 32 0 46.5 0 64.3v383.4C0 465.5 14.3 480 31.9 480H416c17.6 0 32-14.5 32-32.3V64.3c0-17.8-14.4-32.3-32-32.3zM135.4 416H69V202.2h66.5V416zm-33.2-243c-21.3 0-38.5-17.3-38.5-38.5S80.9 96 102.2 96c21.2 0 38.5 17.3 38.5 38.5 0 21.3-17.2 38.5-38.5 38.5zm282.1 243h-66.4V312c0-24.8-.5-56.7-34.5-56.7-34.6 0-39.9 27-39.9 54.9V416h-66.4V202.2h63.7v29.2h.9c8.9-16.8 30.6-34.5 62.9-34.5 67.2 0 79.7 44.3 79.7 101.9V416z\"><\/path><\/svg>\t\t\t\t\t\t<\/span>\n\t\t\t\t\t\t\t\t\t\t<span class=\"elementor-icon-list-text\">LinkedIn<\/span>\n\t\t\t\t\t\t\t\t\t\t\t<\/a>\n\t\t\t\t\t\t\t\t\t<\/li>\n\t\t\t\t\t\t\t\t<li class=\"elementor-icon-list-item\">\n\t\t\t\t\t\t\t\t\t\t\t<a href=\"https:\/\/www.instagram.com\/pulsbio\/\" target=\"_blank\">\n\n\t\t\t\t\t\t\t\t\t\t\t\t<span class=\"elementor-icon-list-icon\">\n\t\t\t\t\t\t\t<svg aria-hidden=\"true\" class=\"e-font-icon-svg e-fab-instagram\" viewBox=\"0 0 448 512\" xmlns=\"http:\/\/www.w3.org\/2000\/svg\"><path d=\"M224.1 141c-63.6 0-114.9 51.3-114.9 114.9s51.3 114.9 114.9 114.9S339 319.5 339 255.9 287.7 141 224.1 141zm0 189.6c-41.1 0-74.7-33.5-74.7-74.7s33.5-74.7 74.7-74.7 74.7 33.5 74.7 74.7-33.6 74.7-74.7 74.7zm146.4-194.3c0 14.9-12 26.8-26.8 26.8-14.9 0-26.8-12-26.8-26.8s12-26.8 26.8-26.8 26.8 12 26.8 26.8zm76.1 27.2c-1.7-35.9-9.9-67.7-36.2-93.9-26.2-26.2-58-34.4-93.9-36.2-37-2.1-147.9-2.1-184.9 0-35.8 1.7-67.6 9.9-93.9 36.1s-34.4 58-36.2 93.9c-2.1 37-2.1 147.9 0 184.9 1.7 35.9 9.9 67.7 36.2 93.9s58 34.4 93.9 36.2c37 2.1 147.9 2.1 184.9 0 35.9-1.7 67.7-9.9 93.9-36.2 26.2-26.2 34.4-58 36.2-93.9 2.1-37 2.1-147.8 0-184.8zM398.8 388c-7.8 19.6-22.9 34.7-42.6 42.6-29.5 11.7-99.5 9-132.1 9s-102.7 2.6-132.1-9c-19.6-7.8-34.7-22.9-42.6-42.6-11.7-29.5-9-99.5-9-132.1s-2.6-102.7 9-132.1c7.8-19.6 22.9-34.7 42.6-42.6 29.5-11.7 99.5-9 132.1-9s102.7-2.6 132.1 9c19.6 7.8 34.7 22.9 42.6 42.6 11.7 29.5 9 99.5 9 132.1s2.7 102.7-9 132.1z\"><\/path><\/svg>\t\t\t\t\t\t<\/span>\n\t\t\t\t\t\t\t\t\t\t<span class=\"elementor-icon-list-text\">Instagram<\/span>\n\t\t\t\t\t\t\t\t\t\t\t<\/a>\n\t\t\t\t\t\t\t\t\t<\/li>\n\t\t\t\t\t\t<\/ul>\n\t\t\t\t\t\t<\/div>\n\t\t\t\t<\/div>\n\t\t\t\t\t<\/div>\n\t\t\t\t<\/div>\n\t\t\t\t\t<\/div>\n\t\t\t\t<\/div>\n\t\t<div class=\"elementor-element elementor-element-4a30f55 e-flex e-con-boxed e-con e-child\" data-id=\"4a30f55\" data-element_type=\"container\">\n\t\t\t\t\t<div class=\"e-con-inner\">\n\t\t<div class=\"elementor-element elementor-element-28a5aaa e-flex e-con-boxed e-con e-child\" data-id=\"28a5aaa\" data-element_type=\"container\">\n\t\t\t\t\t<div class=\"e-con-inner\">\n\t\t\t\t<div class=\"elementor-element elementor-element-b43f2ba elementor-widget-divider--view-line elementor-widget elementor-widget-divider\" data-id=\"b43f2ba\" data-element_type=\"widget\" data-widget_type=\"divider.default\">\n\t\t\t\t<div class=\"elementor-widget-container\">\n\t\t\t\t\t\t\t<div class=\"elementor-divider\">\n\t\t\t<span class=\"elementor-divider-separator\">\n\t\t\t\t\t\t<\/span>\n\t\t<\/div>\n\t\t\t\t\t\t<\/div>\n\t\t\t\t<\/div>\n\t\t\t\t\t<\/div>\n\t\t\t\t<\/div>\n\t\t\t\t\t<\/div>\n\t\t\t\t<\/div>\n\t\t<div class=\"elementor-element elementor-element-a3ba707 e-flex e-con-boxed e-con e-child\" data-id=\"a3ba707\" data-element_type=\"container\">\n\t\t\t\t\t<div class=\"e-con-inner\">\n\t\t<div class=\"elementor-element elementor-element-2150ea6 e-flex e-con-boxed e-con e-child\" data-id=\"2150ea6\" data-element_type=\"container\">\n\t\t\t\t\t<div class=\"e-con-inner\">\n\t\t\t\t<div class=\"elementor-element elementor-element-adefeb4 elementor-mobile-align-center elementor-icon-list--layout-traditional elementor-list-item-link-full_width elementor-widget elementor-widget-icon-list\" data-id=\"adefeb4\" data-element_type=\"widget\" data-widget_type=\"icon-list.default\">\n\t\t\t\t<div class=\"elementor-widget-container\">\n\t\t\t\t\t\t\t<ul class=\"elementor-icon-list-items\">\n\t\t\t\t\t\t\t<li class=\"elementor-icon-list-item\">\n\t\t\t\t\t\t\t\t\t\t\t<a href=\"https:\/\/pulsbio.com\/es\/condiciones-generales\/\">\n\n\t\t\t\t\t\t\t\t\t\t\t<span class=\"elementor-icon-list-text\">Condiciones generales<\/span>\n\t\t\t\t\t\t\t\t\t\t\t<\/a>\n\t\t\t\t\t\t\t\t\t<\/li>\n\t\t\t\t\t\t<\/ul>\n\t\t\t\t\t\t<\/div>\n\t\t\t\t<\/div>\n\t\t\t\t\t<\/div>\n\t\t\t\t<\/div>\n\t\t<div class=\"elementor-element elementor-element-f5f8127 e-flex e-con-boxed e-con e-child\" data-id=\"f5f8127\" data-element_type=\"container\">\n\t\t\t\t\t<div class=\"e-con-inner\">\n\t\t\t\t<div class=\"elementor-element elementor-element-57b28e9 elementor-widget elementor-widget-text-editor\" data-id=\"57b28e9\" data-element_type=\"widget\" data-widget_type=\"text-editor.default\">\n\t\t\t\t<div class=\"elementor-widget-container\">\n\t\t\t\t\t\t\t\t\t<p>\u00a9 2023 <a href=\"https:\/\/pulsbio.com\/\" target=\"_blank\" rel=\"nofollow noopener\">Pulsbio<\/a><\/p>\n\t\t\t\t\t\t\t\t<\/div>\n\t\t\t\t<\/div>\n\t\t\t\t\t<\/div>\n\t\t\t\t<\/div>\n\t\t\t\t\t<\/div>\n\t\t\t\t<\/div>\n\t\t\t\t\t<\/div>\n\t\t\t\t<\/div>\n\t\t\t\t<\/div>\n\t\t","protected":false},"excerpt":{"rendered":"<p>Con motivo de nuestra nueva investigaci\u00f3n sobre las legumbres en relaci\u00f3n con la salud vital y la longevidad, tuve la suerte de conocer a Mariano Norata, de 106 a\u00f1os, con quien mantuve una conversaci\u00f3n de dos horas sobre estilo de vida, salud, alimentaci\u00f3n y, por supuesto, legumbres. Mariano Norata naci\u00f3 el 24 de noviembre de [&hellip;]<\/p>\n","protected":false},"author":1,"featured_media":0,"parent":13803,"menu_order":0,"comment_status":"closed","ping_status":"closed","template":"page-full-width.php","meta":{"footnotes":""},"class_list":["post-13777","page","type-page","status-publish","hentry"],"_links":{"self":[{"href":"https:\/\/pulsbio.com\/es\/wp-json\/wp\/v2\/pages\/13777","targetHints":{"allow":["GET"]}}],"collection":[{"href":"https:\/\/pulsbio.com\/es\/wp-json\/wp\/v2\/pages"}],"about":[{"href":"https:\/\/pulsbio.com\/es\/wp-json\/wp\/v2\/types\/page"}],"author":[{"embeddable":true,"href":"https:\/\/pulsbio.com\/es\/wp-json\/wp\/v2\/users\/1"}],"replies":[{"embeddable":true,"href":"https:\/\/pulsbio.com\/es\/wp-json\/wp\/v2\/comments?post=13777"}],"version-history":[{"count":0,"href":"https:\/\/pulsbio.com\/es\/wp-json\/wp\/v2\/pages\/13777\/revisions"}],"up":[{"embeddable":true,"href":"https:\/\/pulsbio.com\/es\/wp-json\/wp\/v2\/pages\/13803"}],"wp:attachment":[{"href":"https:\/\/pulsbio.com\/es\/wp-json\/wp\/v2\/media?parent=13777"}],"curies":[{"name":"wp","href":"https:\/\/api.w.org\/{rel}","templated":true}]}}