{"id":13840,"date":"2024-01-16T09:12:53","date_gmt":"2024-01-16T09:12:53","guid":{"rendered":"https:\/\/pulsbio.com\/alimentacion-salud-y-cambio-climatico\/blog\/hambre-oculta\/"},"modified":"2024-06-24T17:55:45","modified_gmt":"2024-06-24T17:55:45","slug":"hambre-oculta","status":"publish","type":"page","link":"https:\/\/pulsbio.com\/es\/alimentacion-salud-y-cambio-climatico\/blog\/hambre-oculta\/","title":{"rendered":"Hambre oculta"},"content":{"rendered":"\t\t<div data-elementor-type=\"wp-page\" data-elementor-id=\"13840\" class=\"elementor elementor-13840 elementor-13387\" data-elementor-post-type=\"page\">\n\t\t\t\t<div class=\"elementor-element elementor-element-bce49c4 e-flex e-con-boxed e-con e-parent\" data-id=\"bce49c4\" data-element_type=\"container\" data-settings=\"{&quot;background_background&quot;:&quot;gradient&quot;}\">\n\t\t\t\t\t<div class=\"e-con-inner\">\n\t\t\t\t\t<\/div>\n\t\t\t\t<\/div>\n\t\t<div class=\"elementor-element elementor-element-1ce232f e-flex e-con-boxed e-con e-parent\" data-id=\"1ce232f\" data-element_type=\"container\">\n\t\t\t\t\t<div class=\"e-con-inner\">\n\t\t\t\t<div class=\"elementor-element elementor-element-b4e1703 elementor-widget elementor-widget-image\" data-id=\"b4e1703\" data-element_type=\"widget\" data-widget_type=\"image.default\">\n\t\t\t\t<div class=\"elementor-widget-container\">\n\t\t\t\t\t\t\t\t\t\t\t\t\t\t\t<img fetchpriority=\"high\" decoding=\"async\" width=\"1000\" height=\"849\" src=\"https:\/\/pulsbio.com\/wp-content\/uploads\/2024\/01\/Hidden-hunger.webp\" class=\"attachment-large size-large wp-image-13389\" alt=\"\" srcset=\"https:\/\/pulsbio.com\/wp-content\/uploads\/2024\/01\/Hidden-hunger.webp 1000w, https:\/\/pulsbio.com\/wp-content\/uploads\/2024\/01\/Hidden-hunger-300x255.webp 300w, https:\/\/pulsbio.com\/wp-content\/uploads\/2024\/01\/Hidden-hunger-768x652.webp 768w\" sizes=\"(max-width: 1000px) 100vw, 1000px\" \/>\t\t\t\t\t\t\t\t\t\t\t\t\t\t\t<\/div>\n\t\t\t\t<\/div>\n\t\t\t\t<div class=\"elementor-element elementor-element-bb86b68 elementor-widget elementor-widget-text-editor\" data-id=\"bb86b68\" data-element_type=\"widget\" data-widget_type=\"text-editor.default\">\n\t\t\t\t<div class=\"elementor-widget-container\">\n\t\t\t\t\t\t\t\t\t<p class=\"p1\">Hambre oculta (malnutrici\u00f3n), \u00bfcu\u00e1l es la definici\u00f3n y c\u00f3mo se produce?<\/p>\n<p>\u00abEl hambre oculta debida a la carencia de micronutrientes no produce hambre tal y como la conocemos. Puede que no la sientas en la barriga, pero ataca al n\u00facleo de tu salud y vitalidad.\u00bb<\/p>\n<p>M\u00e1s de 3.000 millones de personas en todo el mundo sufren una carencia de micronutrientes a pesar de una ingesta cal\u00f3rica diaria adecuada.<\/p>\n<p>Cuando pensamos en malnutrici\u00f3n, tendemos a pensar en la gente de \u00c1frica que sufre escasez de alimentos. Estos problemas existen en todo el mundo, pero el hambre oculta es uno de los grandes menos conocidos por el europeo medio. Los minerales cuya carencia es m\u00e1s frecuente son la vitamina A, el hierro, el zinc, el folato y el yodo.<\/p>\n<p>Pero si seguimos una dieta variada, \u00bfc\u00f3mo podemos seguir corriendo el riesgo de sufrir carencias de micronutrientes?<\/p>\n<p>Una de las principales causas es nuestro suelo. C\u00f3mo tratamos este suelo. Utilizamos principalmente abonos qu\u00edmicos para fertilizar nuestro suelo y pesticidas para matar las malas hierbas y los insectos.<\/p>\n<p>El microbioma (bacterias, arqueas, hongos, algas y peque\u00f1os protistas) de nuestro suelo se ve muy afectado por el uso de fertilizantes y pesticidas qu\u00edmicos. Esos microbiomas est\u00e1n presentes en el suelo y son fundamentales para nuestra flora intestinal. Una carencia prolongada de este microorganismo puede provocar una absorci\u00f3n deficiente de vitaminas y minerales en nuestro intestino.<\/p>\n<p>Las semillas tambi\u00e9n desempe\u00f1an un papel importante en esta malnutrici\u00f3n. La poblaci\u00f3n es relativamente ajena a este problema. Pero si hablamos de semillas, hablamos de la parte m\u00e1s fundamental de nuestra alimentaci\u00f3n. Porque las semillas son una de las principales fuentes de alimentos que consumimos hoy en d\u00eda, ya sea directa o indirectamente.<\/p>\n<p>La modificaci\u00f3n de las semillas suele dar lugar a mayores rendimientos, pero con menos prote\u00ednas, vitaminas, minerales, antioxidantes y polifenoles. Como ejemplo, consideremos la variedad moderna de trigo. Se ha descubierto que las variedades modernas tienen una fuerte correlaci\u00f3n con una poblaci\u00f3n cada vez m\u00e1s intolerante al gluten, adem\u00e1s de que las variedades antiguas contienen un 35% m\u00e1s de minerales que las modernas.<\/p>\n<p>Las empresas que venden esas semillas tienen el monopolio de esta industria multimillonaria. Esto se debe a que cerca del 65% de todas esas semillas en el mundo est\u00e1n ahora controladas por esas cuatro corporaciones internacionales. Pero, \u00bfqu\u00e9 significa controlar las semillas? Esto significa que un agricultor ir\u00e1 al mercado a comprar sus semillas, pero no tendr\u00e1 una amplia selecci\u00f3n donde elegir. En Estados Unidos ya es casi imposible comprar semillas de ma\u00edz o soja que no est\u00e9n modificadas gen\u00e9ticamente.<\/p>\n<p>Adem\u00e1s del mercado de semillas, tambi\u00e9n existe un monopolio en el mercado de pesticidas. Un punto interesante es que las 4 corporaciones internacionales que venden las semillas tambi\u00e9n tienen el monopolio del mercado de pesticidas.<br \/>Pero si tengo una empresa que vende semillas y pesticidas, \u00bfpor qu\u00e9 deber\u00eda vender semillas que no necesitan pesticidas?<\/p>\n<p>La conclusi\u00f3n es que hay grandes intereses financieros que perpet\u00faan la desnutrici\u00f3n.<\/p>\n<p><span class=\"s1\">Pulsbio<\/span><br \/>El futuro de nuestra alimentaci\u00f3n.<\/p>\n\t\t\t\t\t\t\t\t<\/div>\n\t\t\t\t<\/div>\n\t\t\t\t\t<\/div>\n\t\t\t\t<\/div>\n\t\t<div class=\"elementor-element elementor-element-6292d08 e-flex e-con-boxed e-con e-parent\" data-id=\"6292d08\" data-element_type=\"container\" data-settings=\"{&quot;background_background&quot;:&quot;gradient&quot;}\">\n\t\t\t\t\t<div class=\"e-con-inner\">\n\t\t<div class=\"elementor-element elementor-element-aa62b01 e-flex e-con-boxed e-con e-child\" data-id=\"aa62b01\" data-element_type=\"container\">\n\t\t\t\t\t<div class=\"e-con-inner\">\n\t\t<div class=\"elementor-element elementor-element-eeba604 e-con-full e-flex e-con e-child\" data-id=\"eeba604\" data-element_type=\"container\">\n\t\t\t\t<div class=\"elementor-element elementor-element-319d4ee elementor-widget elementor-widget-heading\" data-id=\"319d4ee\" data-element_type=\"widget\" data-widget_type=\"heading.default\">\n\t\t\t\t<div class=\"elementor-widget-container\">\n\t\t\t\t\t<h2 class=\"elementor-heading-title elementor-size-default\">Acerca de pulsbio<\/h2>\t\t\t\t<\/div>\n\t\t\t\t<\/div>\n\t\t\t\t<div class=\"elementor-element elementor-element-a4d83ef elementor-widget__width-initial elementor-widget elementor-widget-text-editor\" data-id=\"a4d83ef\" data-element_type=\"widget\" data-widget_type=\"text-editor.default\">\n\t\t\t\t<div class=\"elementor-widget-container\">\n\t\t\t\t\t\t\t\t\t<p>Cultivando un futuro sostenible a trav\u00e9s de una agricultura transparente, Pulsbio suministra productos de legumbres de primera calidad con un compromiso con la calidad, la salud y el empoderamiento de la comunidad.<\/p>\n\t\t\t\t\t\t\t\t<\/div>\n\t\t\t\t<\/div>\n\t\t\t\t<div class=\"elementor-element elementor-element-7b975bd elementor-widget elementor-widget-image\" data-id=\"7b975bd\" data-element_type=\"widget\" data-widget_type=\"image.default\">\n\t\t\t\t<div class=\"elementor-widget-container\">\n\t\t\t\t\t\t\t\t\t\t\t\t\t\t\t<img decoding=\"async\" width=\"607\" height=\"229\" src=\"https:\/\/pulsbio.com\/wp-content\/uploads\/2023\/12\/Pulsbio-Logo-Wit.webp\" class=\"attachment-large size-large wp-image-11847\" alt=\"\" srcset=\"https:\/\/pulsbio.com\/wp-content\/uploads\/2023\/12\/Pulsbio-Logo-Wit.webp 607w, https:\/\/pulsbio.com\/wp-content\/uploads\/2023\/12\/Pulsbio-Logo-Wit-300x113.webp 300w, https:\/\/pulsbio.com\/wp-content\/uploads\/2023\/12\/Pulsbio-Logo-Wit-600x226.webp 600w\" sizes=\"(max-width: 607px) 100vw, 607px\" \/>\t\t\t\t\t\t\t\t\t\t\t\t\t\t\t<\/div>\n\t\t\t\t<\/div>\n\t\t\t\t<\/div>\n\t\t<div class=\"elementor-element elementor-element-0ef21ba e-flex e-con-boxed e-con e-child\" data-id=\"0ef21ba\" data-element_type=\"container\">\n\t\t\t\t\t<div class=\"e-con-inner\">\n\t\t\t\t<div class=\"elementor-element elementor-element-6ec03a3 elementor-widget elementor-widget-heading\" data-id=\"6ec03a3\" data-element_type=\"widget\" data-widget_type=\"heading.default\">\n\t\t\t\t<div class=\"elementor-widget-container\">\n\t\t\t\t\t<h2 class=\"elementor-heading-title elementor-size-default\">P\u00f3ngase en contacto<\/h2>\t\t\t\t<\/div>\n\t\t\t\t<\/div>\n\t\t\t\t<div class=\"elementor-element elementor-element-3d64e2b elementor-widget elementor-widget-text-editor\" data-id=\"3d64e2b\" data-element_type=\"widget\" data-widget_type=\"text-editor.default\">\n\t\t\t\t<div class=\"elementor-widget-container\">\n\t\t\t\t\t\t\t\t\t<p>Pulsbio B.V.<\/p>\n<p><a href=\"mailto:info@pulsbio.com\">info@pulsbio.com<\/a><\/p>\n\t\t\t\t\t\t\t\t<\/div>\n\t\t\t\t<\/div>\n\t\t\t\t\t<\/div>\n\t\t\t\t<\/div>\n\t\t<div class=\"elementor-element elementor-element-22eb8ae e-flex e-con-boxed e-con e-child\" data-id=\"22eb8ae\" data-element_type=\"container\">\n\t\t\t\t\t<div class=\"e-con-inner\">\n\t\t\t\t<div class=\"elementor-element elementor-element-d2427b9 elementor-widget elementor-widget-heading\" data-id=\"d2427b9\" data-element_type=\"widget\" data-widget_type=\"heading.default\">\n\t\t\t\t<div class=\"elementor-widget-container\">\n\t\t\t\t\t<h2 class=\"elementor-heading-title elementor-size-default\">s\u00edguenos<\/h2>\t\t\t\t<\/div>\n\t\t\t\t<\/div>\n\t\t\t\t<div class=\"elementor-element elementor-element-30dfe78 elementor-icon-list--layout-traditional elementor-list-item-link-full_width elementor-widget elementor-widget-icon-list\" data-id=\"30dfe78\" data-element_type=\"widget\" data-widget_type=\"icon-list.default\">\n\t\t\t\t<div class=\"elementor-widget-container\">\n\t\t\t\t\t\t\t<ul class=\"elementor-icon-list-items\">\n\t\t\t\t\t\t\t<li class=\"elementor-icon-list-item\">\n\t\t\t\t\t\t\t\t\t\t\t<a href=\"https:\/\/www.linkedin.com\/company\/pulsbio\/\" target=\"_blank\">\n\n\t\t\t\t\t\t\t\t\t\t\t\t<span class=\"elementor-icon-list-icon\">\n\t\t\t\t\t\t\t<svg aria-hidden=\"true\" class=\"e-font-icon-svg e-fab-linkedin\" viewBox=\"0 0 448 512\" xmlns=\"http:\/\/www.w3.org\/2000\/svg\"><path d=\"M416 32H31.9C14.3 32 0 46.5 0 64.3v383.4C0 465.5 14.3 480 31.9 480H416c17.6 0 32-14.5 32-32.3V64.3c0-17.8-14.4-32.3-32-32.3zM135.4 416H69V202.2h66.5V416zm-33.2-243c-21.3 0-38.5-17.3-38.5-38.5S80.9 96 102.2 96c21.2 0 38.5 17.3 38.5 38.5 0 21.3-17.2 38.5-38.5 38.5zm282.1 243h-66.4V312c0-24.8-.5-56.7-34.5-56.7-34.6 0-39.9 27-39.9 54.9V416h-66.4V202.2h63.7v29.2h.9c8.9-16.8 30.6-34.5 62.9-34.5 67.2 0 79.7 44.3 79.7 101.9V416z\"><\/path><\/svg>\t\t\t\t\t\t<\/span>\n\t\t\t\t\t\t\t\t\t\t<span class=\"elementor-icon-list-text\">LinkedIn<\/span>\n\t\t\t\t\t\t\t\t\t\t\t<\/a>\n\t\t\t\t\t\t\t\t\t<\/li>\n\t\t\t\t\t\t\t\t<li class=\"elementor-icon-list-item\">\n\t\t\t\t\t\t\t\t\t\t\t<a href=\"https:\/\/www.instagram.com\/pulsbio\/\" target=\"_blank\">\n\n\t\t\t\t\t\t\t\t\t\t\t\t<span class=\"elementor-icon-list-icon\">\n\t\t\t\t\t\t\t<svg aria-hidden=\"true\" class=\"e-font-icon-svg e-fab-instagram\" viewBox=\"0 0 448 512\" xmlns=\"http:\/\/www.w3.org\/2000\/svg\"><path d=\"M224.1 141c-63.6 0-114.9 51.3-114.9 114.9s51.3 114.9 114.9 114.9S339 319.5 339 255.9 287.7 141 224.1 141zm0 189.6c-41.1 0-74.7-33.5-74.7-74.7s33.5-74.7 74.7-74.7 74.7 33.5 74.7 74.7-33.6 74.7-74.7 74.7zm146.4-194.3c0 14.9-12 26.8-26.8 26.8-14.9 0-26.8-12-26.8-26.8s12-26.8 26.8-26.8 26.8 12 26.8 26.8zm76.1 27.2c-1.7-35.9-9.9-67.7-36.2-93.9-26.2-26.2-58-34.4-93.9-36.2-37-2.1-147.9-2.1-184.9 0-35.8 1.7-67.6 9.9-93.9 36.1s-34.4 58-36.2 93.9c-2.1 37-2.1 147.9 0 184.9 1.7 35.9 9.9 67.7 36.2 93.9s58 34.4 93.9 36.2c37 2.1 147.9 2.1 184.9 0 35.9-1.7 67.7-9.9 93.9-36.2 26.2-26.2 34.4-58 36.2-93.9 2.1-37 2.1-147.8 0-184.8zM398.8 388c-7.8 19.6-22.9 34.7-42.6 42.6-29.5 11.7-99.5 9-132.1 9s-102.7 2.6-132.1-9c-19.6-7.8-34.7-22.9-42.6-42.6-11.7-29.5-9-99.5-9-132.1s-2.6-102.7 9-132.1c7.8-19.6 22.9-34.7 42.6-42.6 29.5-11.7 99.5-9 132.1-9s102.7-2.6 132.1 9c19.6 7.8 34.7 22.9 42.6 42.6 11.7 29.5 9 99.5 9 132.1s2.7 102.7-9 132.1z\"><\/path><\/svg>\t\t\t\t\t\t<\/span>\n\t\t\t\t\t\t\t\t\t\t<span class=\"elementor-icon-list-text\">Instagram<\/span>\n\t\t\t\t\t\t\t\t\t\t\t<\/a>\n\t\t\t\t\t\t\t\t\t<\/li>\n\t\t\t\t\t\t<\/ul>\n\t\t\t\t\t\t<\/div>\n\t\t\t\t<\/div>\n\t\t\t\t\t<\/div>\n\t\t\t\t<\/div>\n\t\t\t\t\t<\/div>\n\t\t\t\t<\/div>\n\t\t<div class=\"elementor-element elementor-element-4a30f55 e-flex e-con-boxed e-con e-child\" data-id=\"4a30f55\" data-element_type=\"container\">\n\t\t\t\t\t<div class=\"e-con-inner\">\n\t\t<div class=\"elementor-element elementor-element-28a5aaa e-flex e-con-boxed e-con e-child\" data-id=\"28a5aaa\" data-element_type=\"container\">\n\t\t\t\t\t<div class=\"e-con-inner\">\n\t\t\t\t<div class=\"elementor-element elementor-element-b43f2ba elementor-widget-divider--view-line elementor-widget elementor-widget-divider\" data-id=\"b43f2ba\" data-element_type=\"widget\" data-widget_type=\"divider.default\">\n\t\t\t\t<div class=\"elementor-widget-container\">\n\t\t\t\t\t\t\t<div class=\"elementor-divider\">\n\t\t\t<span class=\"elementor-divider-separator\">\n\t\t\t\t\t\t<\/span>\n\t\t<\/div>\n\t\t\t\t\t\t<\/div>\n\t\t\t\t<\/div>\n\t\t\t\t\t<\/div>\n\t\t\t\t<\/div>\n\t\t\t\t\t<\/div>\n\t\t\t\t<\/div>\n\t\t<div class=\"elementor-element elementor-element-a3ba707 e-flex e-con-boxed e-con e-child\" data-id=\"a3ba707\" data-element_type=\"container\">\n\t\t\t\t\t<div class=\"e-con-inner\">\n\t\t<div class=\"elementor-element elementor-element-2150ea6 e-flex e-con-boxed e-con e-child\" data-id=\"2150ea6\" data-element_type=\"container\">\n\t\t\t\t\t<div class=\"e-con-inner\">\n\t\t\t\t<div class=\"elementor-element elementor-element-8c66ee2 elementor-mobile-align-center elementor-icon-list--layout-traditional elementor-list-item-link-full_width elementor-widget elementor-widget-icon-list\" data-id=\"8c66ee2\" data-element_type=\"widget\" data-widget_type=\"icon-list.default\">\n\t\t\t\t<div class=\"elementor-widget-container\">\n\t\t\t\t\t\t\t<ul class=\"elementor-icon-list-items\">\n\t\t\t\t\t\t\t<li class=\"elementor-icon-list-item\">\n\t\t\t\t\t\t\t\t\t\t\t<a href=\"https:\/\/pulsbio.com\/es\/condiciones-generales\/\">\n\n\t\t\t\t\t\t\t\t\t\t\t<span class=\"elementor-icon-list-text\">Condiciones generales<\/span>\n\t\t\t\t\t\t\t\t\t\t\t<\/a>\n\t\t\t\t\t\t\t\t\t<\/li>\n\t\t\t\t\t\t<\/ul>\n\t\t\t\t\t\t<\/div>\n\t\t\t\t<\/div>\n\t\t\t\t\t<\/div>\n\t\t\t\t<\/div>\n\t\t<div class=\"elementor-element elementor-element-f5f8127 e-flex e-con-boxed e-con e-child\" data-id=\"f5f8127\" data-element_type=\"container\">\n\t\t\t\t\t<div class=\"e-con-inner\">\n\t\t\t\t<div class=\"elementor-element elementor-element-57b28e9 elementor-widget elementor-widget-text-editor\" data-id=\"57b28e9\" data-element_type=\"widget\" data-widget_type=\"text-editor.default\">\n\t\t\t\t<div class=\"elementor-widget-container\">\n\t\t\t\t\t\t\t\t\t<p>\u00a9 2023 <a href=\"https:\/\/pulsbio.com\/\" target=\"_blank\" rel=\"nofollow noopener\">Pulsbio<\/a><\/p>\n\t\t\t\t\t\t\t\t<\/div>\n\t\t\t\t<\/div>\n\t\t\t\t\t<\/div>\n\t\t\t\t<\/div>\n\t\t\t\t\t<\/div>\n\t\t\t\t<\/div>\n\t\t\t\t\t<\/div>\n\t\t\t\t<\/div>\n\t\t\t\t<\/div>\n\t\t","protected":false},"excerpt":{"rendered":"<p>Hambre oculta (malnutrici\u00f3n), \u00bfcu\u00e1l es la definici\u00f3n y c\u00f3mo se produce? \u00abEl hambre oculta debida a la carencia de micronutrientes no produce hambre tal y como la conocemos. Puede que no la sientas en la barriga, pero ataca al n\u00facleo de tu salud y vitalidad.\u00bb M\u00e1s de 3.000 millones de personas en todo el mundo [&hellip;]<\/p>\n","protected":false},"author":1,"featured_media":0,"parent":13803,"menu_order":0,"comment_status":"closed","ping_status":"closed","template":"page-full-width.php","meta":{"footnotes":""},"class_list":["post-13840","page","type-page","status-publish","hentry"],"_links":{"self":[{"href":"https:\/\/pulsbio.com\/es\/wp-json\/wp\/v2\/pages\/13840","targetHints":{"allow":["GET"]}}],"collection":[{"href":"https:\/\/pulsbio.com\/es\/wp-json\/wp\/v2\/pages"}],"about":[{"href":"https:\/\/pulsbio.com\/es\/wp-json\/wp\/v2\/types\/page"}],"author":[{"embeddable":true,"href":"https:\/\/pulsbio.com\/es\/wp-json\/wp\/v2\/users\/1"}],"replies":[{"embeddable":true,"href":"https:\/\/pulsbio.com\/es\/wp-json\/wp\/v2\/comments?post=13840"}],"version-history":[{"count":0,"href":"https:\/\/pulsbio.com\/es\/wp-json\/wp\/v2\/pages\/13840\/revisions"}],"up":[{"embeddable":true,"href":"https:\/\/pulsbio.com\/es\/wp-json\/wp\/v2\/pages\/13803"}],"wp:attachment":[{"href":"https:\/\/pulsbio.com\/es\/wp-json\/wp\/v2\/media?parent=13840"}],"curies":[{"name":"wp","href":"https:\/\/api.w.org\/{rel}","templated":true}]}}