{"id":13757,"date":"2024-01-16T08:56:21","date_gmt":"2024-01-16T08:56:21","guid":{"rendered":"https:\/\/pulsbio.com\/un-giorno-davvero-speciale\/"},"modified":"2024-06-24T17:48:30","modified_gmt":"2024-06-24T17:48:30","slug":"un-giorno-davvero-speciale","status":"publish","type":"page","link":"https:\/\/pulsbio.com\/it\/alimentazione-salute-e-cambiamento-climatico\/blog\/un-giorno-davvero-speciale\/","title":{"rendered":"Un giorno davvero speciale!"},"content":{"rendered":"\t\t<div data-elementor-type=\"wp-page\" data-elementor-id=\"13757\" class=\"elementor elementor-13757 elementor-13367\" data-elementor-post-type=\"page\">\n\t\t\t\t<div class=\"elementor-element elementor-element-bce49c4 e-flex e-con-boxed e-con e-parent\" data-id=\"bce49c4\" data-element_type=\"container\" data-settings=\"{&quot;background_background&quot;:&quot;gradient&quot;}\">\n\t\t\t\t\t<div class=\"e-con-inner\">\n\t\t\t\t\t<\/div>\n\t\t\t\t<\/div>\n\t\t<div class=\"elementor-element elementor-element-1ce232f e-flex e-con-boxed e-con e-parent\" data-id=\"1ce232f\" data-element_type=\"container\">\n\t\t\t\t\t<div class=\"e-con-inner\">\n\t\t\t\t<div class=\"elementor-element elementor-element-b4e1703 elementor-widget elementor-widget-image\" data-id=\"b4e1703\" data-element_type=\"widget\" data-widget_type=\"image.default\">\n\t\t\t\t<div class=\"elementor-widget-container\">\n\t\t\t\t\t\t\t\t\t\t\t\t\t\t\t<img fetchpriority=\"high\" decoding=\"async\" width=\"1000\" height=\"562\" src=\"https:\/\/pulsbio.com\/wp-content\/uploads\/2024\/01\/Blog-afbeelding.webp\" class=\"attachment-large size-large wp-image-13339\" alt=\"\" srcset=\"https:\/\/pulsbio.com\/wp-content\/uploads\/2024\/01\/Blog-afbeelding.webp 1000w, https:\/\/pulsbio.com\/wp-content\/uploads\/2024\/01\/Blog-afbeelding-300x169.webp 300w, https:\/\/pulsbio.com\/wp-content\/uploads\/2024\/01\/Blog-afbeelding-768x432.webp 768w\" sizes=\"(max-width: 1000px) 100vw, 1000px\" \/>\t\t\t\t\t\t\t\t\t\t\t\t\t\t\t<\/div>\n\t\t\t\t<\/div>\n\t\t\t\t<div class=\"elementor-element elementor-element-bb86b68 elementor-widget elementor-widget-text-editor\" data-id=\"bb86b68\" data-element_type=\"widget\" data-widget_type=\"text-editor.default\">\n\t\t\t\t<div class=\"elementor-widget-container\">\n\t\t\t\t\t\t\t\t\t<p class=\"p1\"><strong>Per la nostra nuova ricerca sui legumi in relazione alla salute vitale e alla longevit\u00e0, ho avuto la fortuna di incontrare Mariano Norata, 106 anni, con il quale ho trascorso due ore di conversazione sullo stile di vita, la salute, il cibo e, naturalmente, i legumi!<\/strong><\/p>\n<p class=\"p1\">Mariano Norata \u00e8 nato il 24 novembre 1916 da una famiglia di pastori. Quando aveva 11 anni, si occupava delle pecore e delle capre che avevano. Mariano mi ha raccontato: In passato eravamo poveri, a volte mangiavamo solo pane. Ogni giorno percorrevamo almeno 12 km a piedi con i nostri animali. Ci sono stati periodi dell&#8217;anno in cui gli animali non hanno dato latte. Avevamo solo pane e marmellata. Quando ho sposato mia moglie ho rilevato la fattoria di suo padre. Sono diventato un agricoltore. Coltivavo patate, cereali, legumi, ortaggi, frutta, pomodori, mandorle e avevamo alcuni animali. In pratica, la tradizionale vita di fattoria.<\/p>\n<p class=\"p1\"><b>Quanto sono stati importanti i legumi nella sua vita?<\/b><\/p>\n<p class=\"p1\">I legumi erano molto importanti per noi, erano presenti nel menu almeno 3-4 volte a settimana. I legumi che mangiavamo ci davano la forza di camminare tra le montagne e di lavorare i campi.<\/p>\n<p class=\"p1\">I legumi erano una delle pi\u00f9 importanti fonti di nutrimento. Abbiamo mangiato i legumi nel minestrone, li abbiamo gustati con pasta e patate in insalata e come purea. In estate si mangiavano fave, piselli verdi, fagioli borlotti, fagiolini e fagiolini. In inverno mangiavamo ceci secchi, lenticchie, fagioli cannelini, fave secche.<\/p>\n<p class=\"p1\">I legumi erano biologici. Ho coltivato personalmente i legumi ogni anno su un terreno diverso. Sono inoltre utili per la salute e la biodiversit\u00e0 del suolo.<\/p>\n<p class=\"p1\">Sono convinto che mi aiutino a rimanere in salute. Secondo il mio medico, sono un&#8217;ottima fonte di ferro e abbassano i livelli di colesterolo. Fino a un anno fa non avevo mai preso medicine nello stomaco. Sono sempre stato in salute.<\/p>\n<p class=\"p1\"><b>Qual \u00e8 il vostro piatto preferito a base di legumi?<\/b>  Zuppa di ceci fatta da mia moglie. \u00c8 delizioso!<\/p>\n<p class=\"p1\"><b>Ecco alcune perle di saggezza che ho imparato da Mariano Norata.<\/b><\/p>\n<p class=\"p1\">1) Il <b>pane fa bene?<\/b> Mangio pane tutti i giorni. \u00c8 il mio cibo pi\u00f9 importante, che ho mangiato tutti i giorni della mia vita. Sempre lievitato da lievito naturale (non da lievito commerciale).<\/p>\n<p class=\"p1\">2) <b>Quali sono gli alimenti che vi tengono in forma e mantengono il vostro cervello cos\u00ec acuto? <\/b>Le verdure! Le mangio tutti i giorni, di tutti i tipi, e bevo anche l&#8217;acqua di cottura delle verdure. L&#8217;ho sempre fatto. Quest&#8217;acqua \u00e8 una fonte di sostanze nutritive. Si consiglia vivamente di farlo.<\/p>\n<p class=\"p1\">3) La <b>pasta?<\/b> Non tutti i giorni, forse due volte a settimana. Abbiamo mangiato pi\u00f9 patate e pane.<\/p>\n<p class=\"p1\">4) <b>Vino? <\/b>Bevo un bicchiere di vino rosso ogni giorno a pranzo.<\/p>\n<p class=\"p1\">5) Il <b>pesce? <\/b>In passato nella nostra famiglia non lo mangiavamo mai, perch\u00e9 vivendo in alta montagna non eravamo in grado di camminare per 1\/2 giorni fino al mare e ritorno. Potete immaginare che se compravamo del pesce, questo era gi\u00e0 spento prima che arrivassimo al nostro villaggio. Oggi mangio un po&#8217; di pesce, mi piace.<\/p>\n<p class=\"p1\">6) <b>Carne? <\/b>Mariano si mise a ridere e disse: &#8221; carne usata con carnavale e natale&#8221; che significa: mangiamo carne solo con carnavale e natale. Le nostre carni erano legumi: ceci, lenticchie, fave, fagioli borlotti, fagiolini. Li abbiamo mangiati tutti. In Italia si dice &#8220;legumi i carne dei poveri&#8221;.<\/p>\n<p class=\"p1\">7) <b>Qual \u00e8 il segreto della sua longevit\u00e0, secondo lei? <\/b>Essere un uomo gentile ed essere buono con tutti. Non cercate di essere un uomo di successo, ma piuttosto di essere un uomo di valore! E non mangiare troppo. Lasciate sempre un po&#8217; di spazio nello stomaco. Disciplina!<\/p>\n<p class=\"p1\">8) <b>Il pi\u00f9 grande rimpianto della vita? <\/b>Niente. Rifarei tutto esattamente allo stesso modo.<\/p>\n<p class=\"p1\">Ecco un altro esempio illuminante di come un&#8217;alimentazione corretta, l&#8217;attivit\u00e0 fisica, l&#8217;aria pulita di montagna e una mente felice possano portare a una lunga vita sana. Come dimostra Mariano, non abbiamo bisogno di carne o di molte proteine animali per sopravvivere. Anzi, evitarli ci garantisce longevit\u00e0 e salute.<\/p>\n<p class=\"p1\">Almeno Mariano ha avuto parole molto gentili per me: Sono molto orgoglioso di te Leon, stai facendo qualcosa di grande per il futuro che \u00e8 davvero importante per la terra e la salute umana. Continuate ad andare avanti anche se avrete delle battute d&#8217;arresto. Seguite il vostro cuore, siete energici e avete un grande spirito. Dio vi benedir\u00e0.<\/p>\n<p class=\"p1\">Ci siamo accordati per una nuova visita a Mariano in questo periodo dell&#8217;anno prossimo. Poi porter\u00f2 dei ceci dalla nostra coltivazione e pranzeremo insieme.<\/p>\n<p class=\"p1\">Che essere umano&#8230;<\/p>\n<p class=\"p1\">Ciao,<\/p>\n<p class=\"p1\">PULSBIO IL FUTURO DEL NOSTRO CIBO.<\/p>\n\t\t\t\t\t\t\t\t<\/div>\n\t\t\t\t<\/div>\n\t\t\t\t\t<\/div>\n\t\t\t\t<\/div>\n\t\t<div class=\"elementor-element elementor-element-6292d08 e-flex e-con-boxed e-con e-parent\" data-id=\"6292d08\" data-element_type=\"container\" data-settings=\"{&quot;background_background&quot;:&quot;gradient&quot;}\">\n\t\t\t\t\t<div class=\"e-con-inner\">\n\t\t<div class=\"elementor-element elementor-element-aa62b01 e-flex e-con-boxed e-con e-child\" data-id=\"aa62b01\" data-element_type=\"container\">\n\t\t\t\t\t<div class=\"e-con-inner\">\n\t\t<div class=\"elementor-element elementor-element-eeba604 e-con-full e-flex e-con e-child\" data-id=\"eeba604\" data-element_type=\"container\">\n\t\t\t\t<div class=\"elementor-element elementor-element-319d4ee elementor-widget elementor-widget-heading\" data-id=\"319d4ee\" data-element_type=\"widget\" data-widget_type=\"heading.default\">\n\t\t\t\t<div class=\"elementor-widget-container\">\n\t\t\t\t\t<h2 class=\"elementor-heading-title elementor-size-default\">Informazioni su pulsbio<\/h2>\t\t\t\t<\/div>\n\t\t\t\t<\/div>\n\t\t\t\t<div class=\"elementor-element elementor-element-a4d83ef elementor-widget__width-initial elementor-widget elementor-widget-text-editor\" data-id=\"a4d83ef\" data-element_type=\"widget\" data-widget_type=\"text-editor.default\">\n\t\t\t\t<div class=\"elementor-widget-container\">\n\t\t\t\t\t\t\t\t\t<p>Coltivando un futuro sostenibile attraverso un&#8217;agricoltura trasparente, Pulsbio fornisce prodotti a base di legumi di prima qualit\u00e0 con un impegno per la qualit\u00e0, la salute e l&#8217;emancipazione della comunit\u00e0.<\/p>\n\t\t\t\t\t\t\t\t<\/div>\n\t\t\t\t<\/div>\n\t\t\t\t<div class=\"elementor-element elementor-element-7b975bd elementor-widget elementor-widget-image\" data-id=\"7b975bd\" data-element_type=\"widget\" data-widget_type=\"image.default\">\n\t\t\t\t<div class=\"elementor-widget-container\">\n\t\t\t\t\t\t\t\t\t\t\t\t\t\t\t<img decoding=\"async\" width=\"607\" height=\"229\" src=\"https:\/\/pulsbio.com\/wp-content\/uploads\/2023\/12\/Pulsbio-Logo-Wit.webp\" class=\"attachment-large size-large wp-image-11847\" alt=\"\" srcset=\"https:\/\/pulsbio.com\/wp-content\/uploads\/2023\/12\/Pulsbio-Logo-Wit.webp 607w, https:\/\/pulsbio.com\/wp-content\/uploads\/2023\/12\/Pulsbio-Logo-Wit-300x113.webp 300w, https:\/\/pulsbio.com\/wp-content\/uploads\/2023\/12\/Pulsbio-Logo-Wit-600x226.webp 600w\" sizes=\"(max-width: 607px) 100vw, 607px\" \/>\t\t\t\t\t\t\t\t\t\t\t\t\t\t\t<\/div>\n\t\t\t\t<\/div>\n\t\t\t\t<\/div>\n\t\t<div class=\"elementor-element elementor-element-0ef21ba e-flex e-con-boxed e-con e-child\" data-id=\"0ef21ba\" data-element_type=\"container\">\n\t\t\t\t\t<div class=\"e-con-inner\">\n\t\t\t\t<div class=\"elementor-element elementor-element-6ec03a3 elementor-widget elementor-widget-heading\" data-id=\"6ec03a3\" data-element_type=\"widget\" data-widget_type=\"heading.default\">\n\t\t\t\t<div class=\"elementor-widget-container\">\n\t\t\t\t\t<h2 class=\"elementor-heading-title elementor-size-default\">Contattate<\/h2>\t\t\t\t<\/div>\n\t\t\t\t<\/div>\n\t\t\t\t<div class=\"elementor-element elementor-element-3d64e2b elementor-widget elementor-widget-text-editor\" data-id=\"3d64e2b\" data-element_type=\"widget\" data-widget_type=\"text-editor.default\">\n\t\t\t\t<div class=\"elementor-widget-container\">\n\t\t\t\t\t\t\t\t\t<p>Pulsbio B.V.<\/p>\n<p><a href=\"mailto:info@pulsbio.com\">info@pulsbio.com<\/a><\/p>\n\t\t\t\t\t\t\t\t<\/div>\n\t\t\t\t<\/div>\n\t\t\t\t\t<\/div>\n\t\t\t\t<\/div>\n\t\t<div class=\"elementor-element elementor-element-22eb8ae e-flex e-con-boxed e-con e-child\" data-id=\"22eb8ae\" data-element_type=\"container\">\n\t\t\t\t\t<div class=\"e-con-inner\">\n\t\t\t\t<div class=\"elementor-element elementor-element-d2427b9 elementor-widget elementor-widget-heading\" data-id=\"d2427b9\" data-element_type=\"widget\" data-widget_type=\"heading.default\">\n\t\t\t\t<div class=\"elementor-widget-container\">\n\t\t\t\t\t<h2 class=\"elementor-heading-title elementor-size-default\">seguiteci<\/h2>\t\t\t\t<\/div>\n\t\t\t\t<\/div>\n\t\t\t\t<div class=\"elementor-element elementor-element-30dfe78 elementor-icon-list--layout-traditional elementor-list-item-link-full_width elementor-widget elementor-widget-icon-list\" data-id=\"30dfe78\" data-element_type=\"widget\" data-widget_type=\"icon-list.default\">\n\t\t\t\t<div class=\"elementor-widget-container\">\n\t\t\t\t\t\t\t<ul class=\"elementor-icon-list-items\">\n\t\t\t\t\t\t\t<li class=\"elementor-icon-list-item\">\n\t\t\t\t\t\t\t\t\t\t\t<a href=\"https:\/\/www.linkedin.com\/company\/pulsbio\/\" target=\"_blank\">\n\n\t\t\t\t\t\t\t\t\t\t\t\t<span class=\"elementor-icon-list-icon\">\n\t\t\t\t\t\t\t<svg aria-hidden=\"true\" class=\"e-font-icon-svg e-fab-linkedin\" viewBox=\"0 0 448 512\" xmlns=\"http:\/\/www.w3.org\/2000\/svg\"><path d=\"M416 32H31.9C14.3 32 0 46.5 0 64.3v383.4C0 465.5 14.3 480 31.9 480H416c17.6 0 32-14.5 32-32.3V64.3c0-17.8-14.4-32.3-32-32.3zM135.4 416H69V202.2h66.5V416zm-33.2-243c-21.3 0-38.5-17.3-38.5-38.5S80.9 96 102.2 96c21.2 0 38.5 17.3 38.5 38.5 0 21.3-17.2 38.5-38.5 38.5zm282.1 243h-66.4V312c0-24.8-.5-56.7-34.5-56.7-34.6 0-39.9 27-39.9 54.9V416h-66.4V202.2h63.7v29.2h.9c8.9-16.8 30.6-34.5 62.9-34.5 67.2 0 79.7 44.3 79.7 101.9V416z\"><\/path><\/svg>\t\t\t\t\t\t<\/span>\n\t\t\t\t\t\t\t\t\t\t<span class=\"elementor-icon-list-text\">LinkedIn<\/span>\n\t\t\t\t\t\t\t\t\t\t\t<\/a>\n\t\t\t\t\t\t\t\t\t<\/li>\n\t\t\t\t\t\t\t\t<li class=\"elementor-icon-list-item\">\n\t\t\t\t\t\t\t\t\t\t\t<a href=\"https:\/\/www.instagram.com\/pulsbio\/\" target=\"_blank\">\n\n\t\t\t\t\t\t\t\t\t\t\t\t<span class=\"elementor-icon-list-icon\">\n\t\t\t\t\t\t\t<svg aria-hidden=\"true\" class=\"e-font-icon-svg e-fab-instagram\" viewBox=\"0 0 448 512\" xmlns=\"http:\/\/www.w3.org\/2000\/svg\"><path d=\"M224.1 141c-63.6 0-114.9 51.3-114.9 114.9s51.3 114.9 114.9 114.9S339 319.5 339 255.9 287.7 141 224.1 141zm0 189.6c-41.1 0-74.7-33.5-74.7-74.7s33.5-74.7 74.7-74.7 74.7 33.5 74.7 74.7-33.6 74.7-74.7 74.7zm146.4-194.3c0 14.9-12 26.8-26.8 26.8-14.9 0-26.8-12-26.8-26.8s12-26.8 26.8-26.8 26.8 12 26.8 26.8zm76.1 27.2c-1.7-35.9-9.9-67.7-36.2-93.9-26.2-26.2-58-34.4-93.9-36.2-37-2.1-147.9-2.1-184.9 0-35.8 1.7-67.6 9.9-93.9 36.1s-34.4 58-36.2 93.9c-2.1 37-2.1 147.9 0 184.9 1.7 35.9 9.9 67.7 36.2 93.9s58 34.4 93.9 36.2c37 2.1 147.9 2.1 184.9 0 35.9-1.7 67.7-9.9 93.9-36.2 26.2-26.2 34.4-58 36.2-93.9 2.1-37 2.1-147.8 0-184.8zM398.8 388c-7.8 19.6-22.9 34.7-42.6 42.6-29.5 11.7-99.5 9-132.1 9s-102.7 2.6-132.1-9c-19.6-7.8-34.7-22.9-42.6-42.6-11.7-29.5-9-99.5-9-132.1s-2.6-102.7 9-132.1c7.8-19.6 22.9-34.7 42.6-42.6 29.5-11.7 99.5-9 132.1-9s102.7-2.6 132.1 9c19.6 7.8 34.7 22.9 42.6 42.6 11.7 29.5 9 99.5 9 132.1s2.7 102.7-9 132.1z\"><\/path><\/svg>\t\t\t\t\t\t<\/span>\n\t\t\t\t\t\t\t\t\t\t<span class=\"elementor-icon-list-text\">Instagram<\/span>\n\t\t\t\t\t\t\t\t\t\t\t<\/a>\n\t\t\t\t\t\t\t\t\t<\/li>\n\t\t\t\t\t\t<\/ul>\n\t\t\t\t\t\t<\/div>\n\t\t\t\t<\/div>\n\t\t\t\t\t<\/div>\n\t\t\t\t<\/div>\n\t\t\t\t\t<\/div>\n\t\t\t\t<\/div>\n\t\t<div class=\"elementor-element elementor-element-4a30f55 e-flex e-con-boxed e-con e-child\" data-id=\"4a30f55\" data-element_type=\"container\">\n\t\t\t\t\t<div class=\"e-con-inner\">\n\t\t<div class=\"elementor-element elementor-element-28a5aaa e-flex e-con-boxed e-con e-child\" data-id=\"28a5aaa\" data-element_type=\"container\">\n\t\t\t\t\t<div class=\"e-con-inner\">\n\t\t\t\t<div class=\"elementor-element elementor-element-b43f2ba elementor-widget-divider--view-line elementor-widget elementor-widget-divider\" data-id=\"b43f2ba\" data-element_type=\"widget\" data-widget_type=\"divider.default\">\n\t\t\t\t<div class=\"elementor-widget-container\">\n\t\t\t\t\t\t\t<div class=\"elementor-divider\">\n\t\t\t<span class=\"elementor-divider-separator\">\n\t\t\t\t\t\t<\/span>\n\t\t<\/div>\n\t\t\t\t\t\t<\/div>\n\t\t\t\t<\/div>\n\t\t\t\t\t<\/div>\n\t\t\t\t<\/div>\n\t\t\t\t\t<\/div>\n\t\t\t\t<\/div>\n\t\t<div class=\"elementor-element elementor-element-a3ba707 e-flex e-con-boxed e-con e-child\" data-id=\"a3ba707\" data-element_type=\"container\">\n\t\t\t\t\t<div class=\"e-con-inner\">\n\t\t<div class=\"elementor-element elementor-element-2150ea6 e-flex e-con-boxed e-con e-child\" data-id=\"2150ea6\" data-element_type=\"container\">\n\t\t\t\t\t<div class=\"e-con-inner\">\n\t\t\t\t<div class=\"elementor-element elementor-element-3b7696c elementor-mobile-align-center elementor-icon-list--layout-traditional elementor-list-item-link-full_width elementor-widget elementor-widget-icon-list\" data-id=\"3b7696c\" data-element_type=\"widget\" data-widget_type=\"icon-list.default\">\n\t\t\t\t<div class=\"elementor-widget-container\">\n\t\t\t\t\t\t\t<ul class=\"elementor-icon-list-items\">\n\t\t\t\t\t\t\t<li class=\"elementor-icon-list-item\">\n\t\t\t\t\t\t\t\t\t\t\t<a href=\"https:\/\/pulsbio.com\/it\/termini-e-condizioni\/\">\n\n\t\t\t\t\t\t\t\t\t\t\t<span class=\"elementor-icon-list-text\">Termini e condizioni<\/span>\n\t\t\t\t\t\t\t\t\t\t\t<\/a>\n\t\t\t\t\t\t\t\t\t<\/li>\n\t\t\t\t\t\t<\/ul>\n\t\t\t\t\t\t<\/div>\n\t\t\t\t<\/div>\n\t\t\t\t\t<\/div>\n\t\t\t\t<\/div>\n\t\t<div class=\"elementor-element elementor-element-f5f8127 e-flex e-con-boxed e-con e-child\" data-id=\"f5f8127\" data-element_type=\"container\">\n\t\t\t\t\t<div class=\"e-con-inner\">\n\t\t\t\t<div class=\"elementor-element elementor-element-57b28e9 elementor-widget elementor-widget-text-editor\" data-id=\"57b28e9\" data-element_type=\"widget\" data-widget_type=\"text-editor.default\">\n\t\t\t\t<div class=\"elementor-widget-container\">\n\t\t\t\t\t\t\t\t\t<p>\u00a9 2023 <a href=\"https:\/\/pulsbio.com\/\" target=\"_blank\" rel=\"nofollow noopener\">Pulsbio<\/a><\/p>\n\t\t\t\t\t\t\t\t<\/div>\n\t\t\t\t<\/div>\n\t\t\t\t\t<\/div>\n\t\t\t\t<\/div>\n\t\t\t\t\t<\/div>\n\t\t\t\t<\/div>\n\t\t\t\t\t<\/div>\n\t\t\t\t<\/div>\n\t\t\t\t<\/div>\n\t\t","protected":false},"excerpt":{"rendered":"<p>Per la nostra nuova ricerca sui legumi in relazione alla salute vitale e alla longevit\u00e0, ho avuto la fortuna di incontrare Mariano Norata, 106 anni, con il quale ho trascorso due ore di conversazione sullo stile di vita, la salute, il cibo e, naturalmente, i legumi! Mariano Norata \u00e8 nato il 24 novembre 1916 da [&hellip;]<\/p>\n","protected":false},"author":1,"featured_media":0,"parent":13761,"menu_order":0,"comment_status":"closed","ping_status":"closed","template":"page-full-width.php","meta":{"footnotes":""},"class_list":["post-13757","page","type-page","status-publish","hentry"],"_links":{"self":[{"href":"https:\/\/pulsbio.com\/it\/wp-json\/wp\/v2\/pages\/13757","targetHints":{"allow":["GET"]}}],"collection":[{"href":"https:\/\/pulsbio.com\/it\/wp-json\/wp\/v2\/pages"}],"about":[{"href":"https:\/\/pulsbio.com\/it\/wp-json\/wp\/v2\/types\/page"}],"author":[{"embeddable":true,"href":"https:\/\/pulsbio.com\/it\/wp-json\/wp\/v2\/users\/1"}],"replies":[{"embeddable":true,"href":"https:\/\/pulsbio.com\/it\/wp-json\/wp\/v2\/comments?post=13757"}],"version-history":[{"count":0,"href":"https:\/\/pulsbio.com\/it\/wp-json\/wp\/v2\/pages\/13757\/revisions"}],"up":[{"embeddable":true,"href":"https:\/\/pulsbio.com\/it\/wp-json\/wp\/v2\/pages\/13761"}],"wp:attachment":[{"href":"https:\/\/pulsbio.com\/it\/wp-json\/wp\/v2\/media?parent=13757"}],"curies":[{"name":"wp","href":"https:\/\/api.w.org\/{rel}","templated":true}]}}