{"id":13815,"date":"2024-01-16T09:12:53","date_gmt":"2024-01-16T09:12:53","guid":{"rendered":"https:\/\/pulsbio.com\/blog\/fame-nascosta\/"},"modified":"2024-06-24T17:47:50","modified_gmt":"2024-06-24T17:47:50","slug":"fame-nascosta","status":"publish","type":"page","link":"https:\/\/pulsbio.com\/it\/alimentazione-salute-e-cambiamento-climatico\/blog\/fame-nascosta\/","title":{"rendered":"Fame nascosta"},"content":{"rendered":"\t\t<div data-elementor-type=\"wp-page\" data-elementor-id=\"13815\" class=\"elementor elementor-13815 elementor-13387\" data-elementor-post-type=\"page\">\n\t\t\t\t<div class=\"elementor-element elementor-element-bce49c4 e-flex e-con-boxed e-con e-parent\" data-id=\"bce49c4\" data-element_type=\"container\" data-settings=\"{&quot;background_background&quot;:&quot;gradient&quot;}\">\n\t\t\t\t\t<div class=\"e-con-inner\">\n\t\t\t\t\t<\/div>\n\t\t\t\t<\/div>\n\t\t<div class=\"elementor-element elementor-element-1ce232f e-flex e-con-boxed e-con e-parent\" data-id=\"1ce232f\" data-element_type=\"container\">\n\t\t\t\t\t<div class=\"e-con-inner\">\n\t\t\t\t<div class=\"elementor-element elementor-element-b4e1703 elementor-widget elementor-widget-image\" data-id=\"b4e1703\" data-element_type=\"widget\" data-widget_type=\"image.default\">\n\t\t\t\t<div class=\"elementor-widget-container\">\n\t\t\t\t\t\t\t\t\t\t\t\t\t\t\t<img fetchpriority=\"high\" decoding=\"async\" width=\"1000\" height=\"849\" src=\"https:\/\/pulsbio.com\/wp-content\/uploads\/2024\/01\/Hidden-hunger.webp\" class=\"attachment-large size-large wp-image-13389\" alt=\"\" srcset=\"https:\/\/pulsbio.com\/wp-content\/uploads\/2024\/01\/Hidden-hunger.webp 1000w, https:\/\/pulsbio.com\/wp-content\/uploads\/2024\/01\/Hidden-hunger-300x255.webp 300w, https:\/\/pulsbio.com\/wp-content\/uploads\/2024\/01\/Hidden-hunger-768x652.webp 768w\" sizes=\"(max-width: 1000px) 100vw, 1000px\" \/>\t\t\t\t\t\t\t\t\t\t\t\t\t\t\t<\/div>\n\t\t\t\t<\/div>\n\t\t\t\t<div class=\"elementor-element elementor-element-bb86b68 elementor-widget elementor-widget-text-editor\" data-id=\"bb86b68\" data-element_type=\"widget\" data-widget_type=\"text-editor.default\">\n\t\t\t\t<div class=\"elementor-widget-container\">\n\t\t\t\t\t\t\t\t\t<p class=\"p1\">Fame nascosta (malnutrizione), qual \u00e8 la definizione e come viene causata?<\/p>\n<p>&#8220;La fame nascosta dovuta alla carenza di micronutrienti non produce la fame come la conosciamo. Forse non la sentite nella pancia, ma colpisce il cuore della vostra salute e vitalit\u00e0&#8221;.<\/p>\n<p>Pi\u00f9 di 3 miliardi di persone nel mondo soffrono di una carenza di micronutrienti nonostante un adeguato apporto calorico giornaliero.<\/p>\n<p>Quando pensiamo alla malnutrizione, tendiamo a pensare alle popolazioni africane che soffrono di carenza di cibo. Questi problemi esistono in tutto il mondo, ma la fame nascosta \u00e8 un problema importante e meno conosciuto dall&#8217;europeo medio. I minerali pi\u00f9 comunemente carenti sono la vitamina A, il ferro, lo zinco, il folato e lo iodio.<\/p>\n<p>Ma se mangiamo una dieta varia, come possiamo ancora correre il rischio di carenze di micronutrienti?<\/p>\n<p>Una delle cause principali \u00e8 il nostro suolo. Come trattiamo questo terreno. Utilizziamo principalmente fertilizzanti chimici per concimare il terreno e pesticidi per eliminare erbacce e insetti.<\/p>\n<p>Il microbioma (batteri, archei, funghi, alghe e piccoli protisti) del nostro suolo \u00e8 fortemente influenzato dall&#8217;uso di fertilizzanti e pesticidi chimici. Questi microbiomi sono presenti nel suolo e sono fondamentali per la nostra flora intestinale. Una carenza a lungo termine di questo microrganismo pu\u00f2 portare a un alterato assorbimento di vitamine e minerali nel nostro intestino.<\/p>\n<p>Anche i semi svolgono un ruolo significativo in questa malnutrizione. La popolazione \u00e8 relativamente poco consapevole di questo problema. Ma se parliamo di semi, parliamo della parte pi\u00f9 fondamentale del nostro cibo. Perch\u00e9 i semi sono una delle principali fonti di cibo che consumiamo oggi, direttamente o indirettamente.<\/p>\n<p>La modifica dei semi porta spesso a rese pi\u00f9 elevate, ma con meno proteine, vitamine, minerali, antiossidanti e polifenoli. A titolo di esempio, si consideri la variet\u00e0 moderna di grano. \u00c8 stato riscontrato che le variet\u00e0 moderne hanno una forte correlazione con una crescente popolazione di intolleranza al glutine, oltre al fatto che le variet\u00e0 antiche contengono il 35% in pi\u00f9 di minerali rispetto alle variet\u00e0 moderne.<\/p>\n<p>Le aziende che vendono questi semi hanno il monopolio di questa industria miliardaria. Questo perch\u00e9 circa il 65% di tutte le sementi del mondo \u00e8 ora controllato da queste quattro corporazioni internazionali. Ma cosa significa controllo sui semi? Ci\u00f2 significa che un agricoltore si recher\u00e0 al mercato per acquistare le sementi, ma non avr\u00e0 un&#8217;ampia scelta tra cui scegliere. Negli Stati Uniti \u00e8 ormai quasi impossibile acquistare semi di mais o soia che non siano geneticamente modificati.<\/p>\n<p>Oltre al mercato delle sementi, esiste anche un monopolio sul mercato dei pesticidi. Un punto interessante \u00e8 che le 4 corporazioni internazionali che vendono i semi hanno anche il monopolio del mercato dei pesticidi.<br \/>Ma se ho un&#8217;azienda che vende semi e pesticidi, perch\u00e9 dovrei vendere semi che non hanno bisogno di pesticidi?<\/p>\n<p>La conclusione \u00e8 che ci sono grandi interessi finanziari che perpetuano la malnutrizione.<\/p>\n<p><span class=\"s1\">Pulsbio<\/span><br \/>Il futuro del nostro cibo.<\/p>\n\t\t\t\t\t\t\t\t<\/div>\n\t\t\t\t<\/div>\n\t\t\t\t\t<\/div>\n\t\t\t\t<\/div>\n\t\t<div class=\"elementor-element elementor-element-6292d08 e-flex e-con-boxed e-con e-parent\" data-id=\"6292d08\" data-element_type=\"container\" data-settings=\"{&quot;background_background&quot;:&quot;gradient&quot;}\">\n\t\t\t\t\t<div class=\"e-con-inner\">\n\t\t<div class=\"elementor-element elementor-element-aa62b01 e-flex e-con-boxed e-con e-child\" data-id=\"aa62b01\" data-element_type=\"container\">\n\t\t\t\t\t<div class=\"e-con-inner\">\n\t\t<div class=\"elementor-element elementor-element-eeba604 e-con-full e-flex e-con e-child\" data-id=\"eeba604\" data-element_type=\"container\">\n\t\t\t\t<div class=\"elementor-element elementor-element-319d4ee elementor-widget elementor-widget-heading\" data-id=\"319d4ee\" data-element_type=\"widget\" data-widget_type=\"heading.default\">\n\t\t\t\t<div class=\"elementor-widget-container\">\n\t\t\t\t\t<h2 class=\"elementor-heading-title elementor-size-default\">Informazioni su pulsbio<\/h2>\t\t\t\t<\/div>\n\t\t\t\t<\/div>\n\t\t\t\t<div class=\"elementor-element elementor-element-a4d83ef elementor-widget__width-initial elementor-widget elementor-widget-text-editor\" data-id=\"a4d83ef\" data-element_type=\"widget\" data-widget_type=\"text-editor.default\">\n\t\t\t\t<div class=\"elementor-widget-container\">\n\t\t\t\t\t\t\t\t\t<p>Coltivando un futuro sostenibile attraverso un&#8217;agricoltura trasparente, Pulsbio fornisce prodotti a base di legumi di prima qualit\u00e0 con un impegno per la qualit\u00e0, la salute e l&#8217;emancipazione della comunit\u00e0.<\/p>\n\t\t\t\t\t\t\t\t<\/div>\n\t\t\t\t<\/div>\n\t\t\t\t<div class=\"elementor-element elementor-element-7b975bd elementor-widget elementor-widget-image\" data-id=\"7b975bd\" data-element_type=\"widget\" data-widget_type=\"image.default\">\n\t\t\t\t<div class=\"elementor-widget-container\">\n\t\t\t\t\t\t\t\t\t\t\t\t\t\t\t<img decoding=\"async\" width=\"607\" height=\"229\" src=\"https:\/\/pulsbio.com\/wp-content\/uploads\/2023\/12\/Pulsbio-Logo-Wit.webp\" class=\"attachment-large size-large wp-image-11847\" alt=\"\" srcset=\"https:\/\/pulsbio.com\/wp-content\/uploads\/2023\/12\/Pulsbio-Logo-Wit.webp 607w, https:\/\/pulsbio.com\/wp-content\/uploads\/2023\/12\/Pulsbio-Logo-Wit-300x113.webp 300w, https:\/\/pulsbio.com\/wp-content\/uploads\/2023\/12\/Pulsbio-Logo-Wit-600x226.webp 600w\" sizes=\"(max-width: 607px) 100vw, 607px\" \/>\t\t\t\t\t\t\t\t\t\t\t\t\t\t\t<\/div>\n\t\t\t\t<\/div>\n\t\t\t\t<\/div>\n\t\t<div class=\"elementor-element elementor-element-0ef21ba e-flex e-con-boxed e-con e-child\" data-id=\"0ef21ba\" data-element_type=\"container\">\n\t\t\t\t\t<div class=\"e-con-inner\">\n\t\t\t\t<div class=\"elementor-element elementor-element-6ec03a3 elementor-widget elementor-widget-heading\" data-id=\"6ec03a3\" data-element_type=\"widget\" data-widget_type=\"heading.default\">\n\t\t\t\t<div class=\"elementor-widget-container\">\n\t\t\t\t\t<h2 class=\"elementor-heading-title elementor-size-default\">Contattate<\/h2>\t\t\t\t<\/div>\n\t\t\t\t<\/div>\n\t\t\t\t<div class=\"elementor-element elementor-element-3d64e2b elementor-widget elementor-widget-text-editor\" data-id=\"3d64e2b\" data-element_type=\"widget\" data-widget_type=\"text-editor.default\">\n\t\t\t\t<div class=\"elementor-widget-container\">\n\t\t\t\t\t\t\t\t\t<p>Pulsbio B.V.<\/p>\n<p><a href=\"mailto:info@pulsbio.com\">info@pulsbio.com<\/a><\/p>\n\t\t\t\t\t\t\t\t<\/div>\n\t\t\t\t<\/div>\n\t\t\t\t\t<\/div>\n\t\t\t\t<\/div>\n\t\t<div class=\"elementor-element elementor-element-22eb8ae e-flex e-con-boxed e-con e-child\" data-id=\"22eb8ae\" data-element_type=\"container\">\n\t\t\t\t\t<div class=\"e-con-inner\">\n\t\t\t\t<div class=\"elementor-element elementor-element-d2427b9 elementor-widget elementor-widget-heading\" data-id=\"d2427b9\" data-element_type=\"widget\" data-widget_type=\"heading.default\">\n\t\t\t\t<div class=\"elementor-widget-container\">\n\t\t\t\t\t<h2 class=\"elementor-heading-title elementor-size-default\">seguiteci<\/h2>\t\t\t\t<\/div>\n\t\t\t\t<\/div>\n\t\t\t\t<div class=\"elementor-element elementor-element-30dfe78 elementor-icon-list--layout-traditional elementor-list-item-link-full_width elementor-widget elementor-widget-icon-list\" data-id=\"30dfe78\" data-element_type=\"widget\" data-widget_type=\"icon-list.default\">\n\t\t\t\t<div class=\"elementor-widget-container\">\n\t\t\t\t\t\t\t<ul class=\"elementor-icon-list-items\">\n\t\t\t\t\t\t\t<li class=\"elementor-icon-list-item\">\n\t\t\t\t\t\t\t\t\t\t\t<a href=\"https:\/\/www.linkedin.com\/company\/pulsbio\/\" target=\"_blank\">\n\n\t\t\t\t\t\t\t\t\t\t\t\t<span class=\"elementor-icon-list-icon\">\n\t\t\t\t\t\t\t<svg aria-hidden=\"true\" class=\"e-font-icon-svg e-fab-linkedin\" viewBox=\"0 0 448 512\" xmlns=\"http:\/\/www.w3.org\/2000\/svg\"><path d=\"M416 32H31.9C14.3 32 0 46.5 0 64.3v383.4C0 465.5 14.3 480 31.9 480H416c17.6 0 32-14.5 32-32.3V64.3c0-17.8-14.4-32.3-32-32.3zM135.4 416H69V202.2h66.5V416zm-33.2-243c-21.3 0-38.5-17.3-38.5-38.5S80.9 96 102.2 96c21.2 0 38.5 17.3 38.5 38.5 0 21.3-17.2 38.5-38.5 38.5zm282.1 243h-66.4V312c0-24.8-.5-56.7-34.5-56.7-34.6 0-39.9 27-39.9 54.9V416h-66.4V202.2h63.7v29.2h.9c8.9-16.8 30.6-34.5 62.9-34.5 67.2 0 79.7 44.3 79.7 101.9V416z\"><\/path><\/svg>\t\t\t\t\t\t<\/span>\n\t\t\t\t\t\t\t\t\t\t<span class=\"elementor-icon-list-text\">LinkedIn<\/span>\n\t\t\t\t\t\t\t\t\t\t\t<\/a>\n\t\t\t\t\t\t\t\t\t<\/li>\n\t\t\t\t\t\t\t\t<li class=\"elementor-icon-list-item\">\n\t\t\t\t\t\t\t\t\t\t\t<a href=\"https:\/\/www.instagram.com\/pulsbio\/\" target=\"_blank\">\n\n\t\t\t\t\t\t\t\t\t\t\t\t<span class=\"elementor-icon-list-icon\">\n\t\t\t\t\t\t\t<svg aria-hidden=\"true\" class=\"e-font-icon-svg e-fab-instagram\" viewBox=\"0 0 448 512\" xmlns=\"http:\/\/www.w3.org\/2000\/svg\"><path d=\"M224.1 141c-63.6 0-114.9 51.3-114.9 114.9s51.3 114.9 114.9 114.9S339 319.5 339 255.9 287.7 141 224.1 141zm0 189.6c-41.1 0-74.7-33.5-74.7-74.7s33.5-74.7 74.7-74.7 74.7 33.5 74.7 74.7-33.6 74.7-74.7 74.7zm146.4-194.3c0 14.9-12 26.8-26.8 26.8-14.9 0-26.8-12-26.8-26.8s12-26.8 26.8-26.8 26.8 12 26.8 26.8zm76.1 27.2c-1.7-35.9-9.9-67.7-36.2-93.9-26.2-26.2-58-34.4-93.9-36.2-37-2.1-147.9-2.1-184.9 0-35.8 1.7-67.6 9.9-93.9 36.1s-34.4 58-36.2 93.9c-2.1 37-2.1 147.9 0 184.9 1.7 35.9 9.9 67.7 36.2 93.9s58 34.4 93.9 36.2c37 2.1 147.9 2.1 184.9 0 35.9-1.7 67.7-9.9 93.9-36.2 26.2-26.2 34.4-58 36.2-93.9 2.1-37 2.1-147.8 0-184.8zM398.8 388c-7.8 19.6-22.9 34.7-42.6 42.6-29.5 11.7-99.5 9-132.1 9s-102.7 2.6-132.1-9c-19.6-7.8-34.7-22.9-42.6-42.6-11.7-29.5-9-99.5-9-132.1s-2.6-102.7 9-132.1c7.8-19.6 22.9-34.7 42.6-42.6 29.5-11.7 99.5-9 132.1-9s102.7-2.6 132.1 9c19.6 7.8 34.7 22.9 42.6 42.6 11.7 29.5 9 99.5 9 132.1s2.7 102.7-9 132.1z\"><\/path><\/svg>\t\t\t\t\t\t<\/span>\n\t\t\t\t\t\t\t\t\t\t<span class=\"elementor-icon-list-text\">Instagram<\/span>\n\t\t\t\t\t\t\t\t\t\t\t<\/a>\n\t\t\t\t\t\t\t\t\t<\/li>\n\t\t\t\t\t\t<\/ul>\n\t\t\t\t\t\t<\/div>\n\t\t\t\t<\/div>\n\t\t\t\t\t<\/div>\n\t\t\t\t<\/div>\n\t\t\t\t\t<\/div>\n\t\t\t\t<\/div>\n\t\t<div class=\"elementor-element elementor-element-4a30f55 e-flex e-con-boxed e-con e-child\" data-id=\"4a30f55\" data-element_type=\"container\">\n\t\t\t\t\t<div class=\"e-con-inner\">\n\t\t<div class=\"elementor-element elementor-element-28a5aaa e-flex e-con-boxed e-con e-child\" data-id=\"28a5aaa\" data-element_type=\"container\">\n\t\t\t\t\t<div class=\"e-con-inner\">\n\t\t\t\t<div class=\"elementor-element elementor-element-b43f2ba elementor-widget-divider--view-line elementor-widget elementor-widget-divider\" data-id=\"b43f2ba\" data-element_type=\"widget\" data-widget_type=\"divider.default\">\n\t\t\t\t<div class=\"elementor-widget-container\">\n\t\t\t\t\t\t\t<div class=\"elementor-divider\">\n\t\t\t<span class=\"elementor-divider-separator\">\n\t\t\t\t\t\t<\/span>\n\t\t<\/div>\n\t\t\t\t\t\t<\/div>\n\t\t\t\t<\/div>\n\t\t\t\t\t<\/div>\n\t\t\t\t<\/div>\n\t\t\t\t\t<\/div>\n\t\t\t\t<\/div>\n\t\t<div class=\"elementor-element elementor-element-a3ba707 e-flex e-con-boxed e-con e-child\" data-id=\"a3ba707\" data-element_type=\"container\">\n\t\t\t\t\t<div class=\"e-con-inner\">\n\t\t<div class=\"elementor-element elementor-element-2150ea6 e-flex e-con-boxed e-con e-child\" data-id=\"2150ea6\" data-element_type=\"container\">\n\t\t\t\t\t<div class=\"e-con-inner\">\n\t\t\t\t<div class=\"elementor-element elementor-element-b48e31a elementor-mobile-align-center elementor-icon-list--layout-traditional elementor-list-item-link-full_width elementor-widget elementor-widget-icon-list\" data-id=\"b48e31a\" data-element_type=\"widget\" data-widget_type=\"icon-list.default\">\n\t\t\t\t<div class=\"elementor-widget-container\">\n\t\t\t\t\t\t\t<ul class=\"elementor-icon-list-items\">\n\t\t\t\t\t\t\t<li class=\"elementor-icon-list-item\">\n\t\t\t\t\t\t\t\t\t\t\t<a href=\"https:\/\/pulsbio.com\/it\/termini-e-condizioni\/\">\n\n\t\t\t\t\t\t\t\t\t\t\t<span class=\"elementor-icon-list-text\">Termini e condizioni<\/span>\n\t\t\t\t\t\t\t\t\t\t\t<\/a>\n\t\t\t\t\t\t\t\t\t<\/li>\n\t\t\t\t\t\t<\/ul>\n\t\t\t\t\t\t<\/div>\n\t\t\t\t<\/div>\n\t\t\t\t\t<\/div>\n\t\t\t\t<\/div>\n\t\t<div class=\"elementor-element elementor-element-f5f8127 e-flex e-con-boxed e-con e-child\" data-id=\"f5f8127\" data-element_type=\"container\">\n\t\t\t\t\t<div class=\"e-con-inner\">\n\t\t\t\t<div class=\"elementor-element elementor-element-57b28e9 elementor-widget elementor-widget-text-editor\" data-id=\"57b28e9\" data-element_type=\"widget\" data-widget_type=\"text-editor.default\">\n\t\t\t\t<div class=\"elementor-widget-container\">\n\t\t\t\t\t\t\t\t\t<p>\u00a9 2023 <a href=\"https:\/\/pulsbio.com\/\" target=\"_blank\" rel=\"nofollow noopener\">Pulsbio<\/a><\/p>\n\t\t\t\t\t\t\t\t<\/div>\n\t\t\t\t<\/div>\n\t\t\t\t\t<\/div>\n\t\t\t\t<\/div>\n\t\t\t\t\t<\/div>\n\t\t\t\t<\/div>\n\t\t\t\t\t<\/div>\n\t\t\t\t<\/div>\n\t\t\t\t<\/div>\n\t\t","protected":false},"excerpt":{"rendered":"<p>Fame nascosta (malnutrizione), qual \u00e8 la definizione e come viene causata? &#8220;La fame nascosta dovuta alla carenza di micronutrienti non produce la fame come la conosciamo. Forse non la sentite nella pancia, ma colpisce il cuore della vostra salute e vitalit\u00e0&#8221;. Pi\u00f9 di 3 miliardi di persone nel mondo soffrono di una carenza di micronutrienti [&hellip;]<\/p>\n","protected":false},"author":1,"featured_media":0,"parent":13761,"menu_order":0,"comment_status":"closed","ping_status":"closed","template":"page-full-width.php","meta":{"footnotes":""},"class_list":["post-13815","page","type-page","status-publish","hentry"],"_links":{"self":[{"href":"https:\/\/pulsbio.com\/it\/wp-json\/wp\/v2\/pages\/13815","targetHints":{"allow":["GET"]}}],"collection":[{"href":"https:\/\/pulsbio.com\/it\/wp-json\/wp\/v2\/pages"}],"about":[{"href":"https:\/\/pulsbio.com\/it\/wp-json\/wp\/v2\/types\/page"}],"author":[{"embeddable":true,"href":"https:\/\/pulsbio.com\/it\/wp-json\/wp\/v2\/users\/1"}],"replies":[{"embeddable":true,"href":"https:\/\/pulsbio.com\/it\/wp-json\/wp\/v2\/comments?post=13815"}],"version-history":[{"count":0,"href":"https:\/\/pulsbio.com\/it\/wp-json\/wp\/v2\/pages\/13815\/revisions"}],"up":[{"embeddable":true,"href":"https:\/\/pulsbio.com\/it\/wp-json\/wp\/v2\/pages\/13761"}],"wp:attachment":[{"href":"https:\/\/pulsbio.com\/it\/wp-json\/wp\/v2\/media?parent=13815"}],"curies":[{"name":"wp","href":"https:\/\/api.w.org\/{rel}","templated":true}]}}